{"id":62,"date":"2018-05-22T09:00:06","date_gmt":"2018-05-22T09:00:06","guid":{"rendered":"http:\/\/www.goingback.at\/?page_id=62"},"modified":"2021-04-20T12:25:22","modified_gmt":"2021-04-20T12:25:22","slug":"wir-bringens","status":"publish","type":"page","link":"https:\/\/www.goingback.at\/?page_id=62","title":{"rendered":"Wir bringen&#8217;s"},"content":{"rendered":"<section class=\"l-section wpb_row height_medium\"><div class=\"l-section-h i-cf\"><div class=\"g-cols vc_row type_default valign_top\"><div class=\"vc_col-sm-12 wpb_column vc_column_container\"><div class=\"vc_column-inner\"><div class=\"wpb_wrapper\"><div class=\"g-cols wpb_row  type_default valign_top vc_inner\"><div class=\"vc_col-sm-6 wpb_column vc_column_container\"><div class=\"vc_column-inner\"><div class=\"wpb_wrapper\"><div class=\"w-image align_none\"><div class=\"w-image-h\"><img width=\"1000\" height=\"748\" src=\"https:\/\/www.goingback.at\/wp-content\/uploads\/2018\/05\/Brotausliefern_GELB.gif\" class=\"attachment-large size-large\" alt=\"\" decoding=\"async\" loading=\"lazy\" \/><\/div><\/div><\/div><\/div><\/div><div class=\"vc_col-sm-3 wpb_column vc_column_container\"><div class=\"vc_column-inner\"><div class=\"wpb_wrapper\"><div class=\"wpb_text_column\" ><div class=\"wpb_wrapper\"><h2>Wir bringen\u2018s<\/h2>\n<p>Wir liefern Ihnen t\u00e4glich* frisches Brot ins Haus. Gerne kommen wir Ihnen entgegen soweit es unsere Zeit und Routenplanung erm\u00f6glicht. Bitte kontaktieren Sie uns jedoch diesbez\u00fcglich.<\/p>\n<\/div><\/div><\/div><\/div><\/div><div class=\"vc_col-sm-3 wpb_column vc_column_container\"><div class=\"vc_column-inner\"><div class=\"wpb_wrapper\"><div class=\"w-separator size_custom\" style=\"height:32px\"><\/div><div class=\"w-image align_none\"><div class=\"w-image-h\"><img width=\"600\" height=\"455\" src=\"https:\/\/www.goingback.at\/wp-content\/uploads\/2018\/05\/Keks_Herz_IMG_2630.png\" class=\"attachment-large size-large\" alt=\"\" decoding=\"async\" loading=\"lazy\" srcset=\"https:\/\/www.goingback.at\/wp-content\/uploads\/2018\/05\/Keks_Herz_IMG_2630.png 600w, https:\/\/www.goingback.at\/wp-content\/uploads\/2018\/05\/Keks_Herz_IMG_2630-300x228.png 300w\" sizes=\"(max-width: 600px) 100vw, 600px\" \/><\/div><\/div><\/div><\/div><\/div><\/div><div class=\"g-cols wpb_row  type_default valign_top vc_inner\"><div class=\"vc_col-sm-12 wpb_column vc_column_container\"><div class=\"vc_column-inner\"><div class=\"wpb_wrapper\"><div class=\"w-separator size_custom\" style=\"height:32px\"><\/div><div class=\"wpb_text_column\" ><div class=\"wpb_wrapper\"><h2 style=\"text-align: center;\">&#8230; oder der k\u00fcrzeste Weg zu uns:<\/h2>\n<\/div><\/div><div class=\"w-separator size_custom\" style=\"height:16px\"><\/div><div class=\"wpb_text_column\" ><div class=\"wpb_wrapper\"><h2 style=\"text-align: center;\">Gesch\u00e4ftszeiten*<br \/>\nMo bis Fr 6-12 Uhr und 14:30-18 Uhr<br \/>\nSa 6-12 Uhr<\/h2>\n<\/div><\/div><div class=\"wpb_text_column\" ><div class=\"wpb_wrapper\"><p style=\"text-align: center;\">*) Bitte beachten Sie, dass diese Zeiten in der Zwischensaison abweichen k\u00f6nnen!<\/p>\n<\/div><\/div><div class=\"w-image align_none\"><div class=\"w-image-h\"><img width=\"1024\" height=\"512\" src=\"https:\/\/www.goingback.at\/wp-content\/uploads\/2018\/05\/verkehrsspinne_goinger_baeck-1024x512.png\" class=\"attachment-large size-large\" alt=\"\" decoding=\"async\" loading=\"lazy\" srcset=\"https:\/\/www.goingback.at\/wp-content\/uploads\/2018\/05\/verkehrsspinne_goinger_baeck-1024x512.png 1024w, https:\/\/www.goingback.at\/wp-content\/uploads\/2018\/05\/verkehrsspinne_goinger_baeck-300x150.png 300w, https:\/\/www.goingback.at\/wp-content\/uploads\/2018\/05\/verkehrsspinne_goinger_baeck.png 1754w\" sizes=\"(max-width: 1024px) 100vw, 1024px\" \/><\/div><\/div><div class=\"w-image align_none\"><a href=\"https:\/\/www.goingback.at\/wp-content\/uploads\/2018\/09\/kirche_team_IMG_1064.jpg\" ref=\"magnificPopup\" aria-label=\"Link\" class=\"w-image-h\"><img width=\"1024\" height=\"683\" src=\"https:\/\/www.goingback.at\/wp-content\/uploads\/2018\/09\/kirche_team_IMG_1064-1024x683.jpg\" class=\"attachment-large size-large\" alt=\"\" decoding=\"async\" loading=\"lazy\" srcset=\"https:\/\/www.goingback.at\/wp-content\/uploads\/2018\/09\/kirche_team_IMG_1064-1024x683.jpg 1024w, https:\/\/www.goingback.at\/wp-content\/uploads\/2018\/09\/kirche_team_IMG_1064-300x200.jpg 300w, https:\/\/www.goingback.at\/wp-content\/uploads\/2018\/09\/kirche_team_IMG_1064-600x400.jpg 600w, https:\/\/www.goingback.at\/wp-content\/uploads\/2018\/09\/kirche_team_IMG_1064.jpg 1800w\" sizes=\"(max-width: 1024px) 100vw, 1024px\" \/><\/a><\/div><\/div><\/div><\/div><\/div><\/div><\/div><\/div><\/div><\/div><\/section><!-- Row Backgrounds --><div class=\"upb_grad\" data-grad=\"background: -webkit-gradient(linear, left top, left bottom, color-stop(0%, #F3E5D5), color-stop(99%, #D7A975));background: -moz-linear-gradient(top,#F3E5D5 0%,#D7A975 99%);background: -webkit-linear-gradient(top,#F3E5D5 0%,#D7A975 99%);background: -o-linear-gradient(top,#F3E5D5 0%,#D7A975 99%);background: -ms-linear-gradient(top,#F3E5D5 0%,#D7A975 99%);background: linear-gradient(top,#F3E5D5 0%,#D7A975 99%);\" data-bg-override=\"0\" data-upb-overlay-color=\"\" data-upb-bg-animation=\"\" data-fadeout=\"\" data-fadeout-percentage=\"30\" data-parallax-content=\"\" data-parallax-content-sense=\"30\" data-row-effect-mobile-disable=\"true\" data-img-parallax-mobile-disable=\"true\" data-rtl=\"false\"  data-custom-vc-row=\"\"  data-vc=\"6.4.1\"  data-is_old_vc=\"\"  data-theme-support=\"\"   data-overlay=\"false\" data-overlay-color=\"\" data-overlay-pattern=\"\" data-overlay-pattern-opacity=\"\" data-overlay-pattern-size=\"\"    ><\/div>\n","protected":false},"excerpt":{"rendered":"Wir bringen\u2018s Wir liefern Ihnen t\u00e4glich* frisches Brot ins Haus. Gerne kommen wir Ihnen entgegen soweit es unsere Zeit und Routenplanung erm\u00f6glicht. Bitte kontaktieren Sie uns jedoch diesbez\u00fcglich. &#8230; oder der k\u00fcrzeste Weg zu uns: Gesch\u00e4ftszeiten* Mo bis Fr 6-12 Uhr und 14:30-18 Uhr Sa 6-12 Uhr *) Bitte beachten Sie, dass diese Zeiten in...","protected":false},"author":1,"featured_media":0,"parent":0,"menu_order":0,"comment_status":"closed","ping_status":"closed","template":"","meta":{"footnotes":""},"_links":{"self":[{"href":"https:\/\/www.goingback.at\/index.php?rest_route=\/wp\/v2\/pages\/62"}],"collection":[{"href":"https:\/\/www.goingback.at\/index.php?rest_route=\/wp\/v2\/pages"}],"about":[{"href":"https:\/\/www.goingback.at\/index.php?rest_route=\/wp\/v2\/types\/page"}],"author":[{"embeddable":true,"href":"https:\/\/www.goingback.at\/index.php?rest_route=\/wp\/v2\/users\/1"}],"replies":[{"embeddable":true,"href":"https:\/\/www.goingback.at\/index.php?rest_route=%2Fwp%2Fv2%2Fcomments&post=62"}],"version-history":[{"count":26,"href":"https:\/\/www.goingback.at\/index.php?rest_route=\/wp\/v2\/pages\/62\/revisions"}],"predecessor-version":[{"id":572,"href":"https:\/\/www.goingback.at\/index.php?rest_route=\/wp\/v2\/pages\/62\/revisions\/572"}],"wp:attachment":[{"href":"https:\/\/www.goingback.at\/index.php?rest_route=%2Fwp%2Fv2%2Fmedia&parent=62"}],"curies":[{"name":"wp","href":"https:\/\/api.w.org\/{rel}","templated":true}]}}