{"id":58,"date":"2018-05-22T08:59:20","date_gmt":"2018-05-22T08:59:20","guid":{"rendered":"http:\/\/www.goingback.at\/?page_id=58"},"modified":"2023-08-24T12:31:33","modified_gmt":"2023-08-24T12:31:33","slug":"das-sand-wir","status":"publish","type":"page","link":"https:\/\/www.goingback.at\/?page_id=58","title":{"rendered":"Das sind wir"},"content":{"rendered":"<section class=\"l-section wpb_row height_medium\"><div class=\"l-section-h i-cf\"><div class=\"g-cols vc_row type_default valign_top\"><div class=\"vc_col-sm-12 wpb_column vc_column_container\"><div class=\"vc_column-inner us_custom_326de118\"><div class=\"wpb_wrapper\"><div class=\"g-cols wpb_row  type_default valign_top vc_inner\"><div class=\"vc_col-sm-6 wpb_column vc_column_container\"><div class=\"vc_column-inner\"><div class=\"wpb_wrapper\"><div class=\"w-image align_none\"><div class=\"w-image-h\"><img width=\"1022\" height=\"1024\" src=\"https:\/\/www.goingback.at\/wp-content\/uploads\/2018\/05\/das_sind_wir-1022x1024.jpg\" class=\"attachment-large size-large\" alt=\"\" decoding=\"async\" loading=\"lazy\" srcset=\"https:\/\/www.goingback.at\/wp-content\/uploads\/2018\/05\/das_sind_wir-1022x1024.jpg 1022w, https:\/\/www.goingback.at\/wp-content\/uploads\/2018\/05\/das_sind_wir-150x150.jpg 150w, https:\/\/www.goingback.at\/wp-content\/uploads\/2018\/05\/das_sind_wir-300x300.jpg 300w, https:\/\/www.goingback.at\/wp-content\/uploads\/2018\/05\/das_sind_wir-350x350.jpg 350w, https:\/\/www.goingback.at\/wp-content\/uploads\/2018\/05\/das_sind_wir-600x600.jpg 600w\" sizes=\"(max-width: 1022px) 100vw, 1022px\" \/><\/div><\/div><\/div><\/div><\/div><div class=\"vc_col-sm-3 wpb_column vc_column_container\"><div class=\"vc_column-inner\"><div class=\"wpb_wrapper\"><div class=\"wpb_text_column\" ><div class=\"wpb_wrapper\"><h2>&#8230; wir backen\u2018s f\u00fcr Euch mit Herz &amp; Seele!<\/h2>\n<p>Mit Sandro, Brigitte und Hans Schipflinger ist hier schon die vierte und f\u00fcnfte Generation am Backofen. Viele Sorten Brot, Geb\u00e4ck und feine Kuchen werden alle Tage (au\u00dfer Sonn- und Feiertage) frisch in der Goinger Dorfstra\u00dfe gebacken.<br \/>\nAb 6 Uhr morgens liegen diese K\u00f6stlichkeiten zum Greifen nahe und noch warm in den Brotk\u00f6rben. Wer es gleich genie\u00dfen will, bekommt es mit einer Tasse feinen Kaffee oder Tee fr\u00f6hlich serviert.<\/p>\n<\/div><\/div><\/div><\/div><\/div><div class=\"vc_col-sm-3 wpb_column vc_column_container\"><div class=\"vc_column-inner\"><div class=\"wpb_wrapper\"><div class=\"w-image align_none\"><a href=\"https:\/\/www.goingback.at\/wp-content\/uploads\/2018\/05\/herz_breze_MG_4186.png\" ref=\"magnificPopup\" aria-label=\"Link\" class=\"w-image-h\"><img width=\"500\" height=\"446\" src=\"https:\/\/www.goingback.at\/wp-content\/uploads\/2018\/05\/herz_breze_MG_4186.png\" class=\"attachment-full size-full\" alt=\"\" decoding=\"async\" loading=\"lazy\" srcset=\"https:\/\/www.goingback.at\/wp-content\/uploads\/2018\/05\/herz_breze_MG_4186.png 500w, https:\/\/www.goingback.at\/wp-content\/uploads\/2018\/05\/herz_breze_MG_4186-300x268.png 300w\" sizes=\"(max-width: 500px) 100vw, 500px\" \/><\/a><\/div><\/div><\/div><\/div><\/div><div class=\"g-cols wpb_row  type_default valign_top vc_inner\"><div class=\"vc_col-sm-6 wpb_column vc_column_container\"><div class=\"vc_column-inner\"><div class=\"wpb_wrapper\"><div class=\"w-separator size_custom\" style=\"height:100px\"><\/div><div class=\"wpb_text_column\" ><div class=\"wpb_wrapper\"><h2>Einer der j\u00fcngsten B\u00e4ckermeister Tirols ist in Going zuhause!<\/h2>\n<p>Seit \u00fcber 100 Jahren wird in der Goinger Dorfstra\u00dfe Brot gebacken. Mit dieser Tradition des B\u00e4ckerhandwerkes lebt die Familie Schipflinger heute und bringt einzigartige Brotsorten, gebacken nach alten und neuen Rezepten, mit heimischen, nat\u00fcrlichen Rohstoffen. Sohn Sandro Schipflinger hat in der Backstube der Hagmann\/Schipflinger-Generation dieses Handwerk mit gro\u00dfem Talent erlernt, hat nun den Meisterbrief in der Tasche und ist der j\u00fcngste B\u00e4ckermeister Tirols. Auf Sandro warten gro\u00dfe Herausforderungen, soll er doch in naher Zukunft das von Brigitte und Hans Schipflinger gef\u00fchrte Cafe\/Gesch\u00e4ft und die Backstube \u201eGOINGER B\u00c4CK&#8220; mit Innovationen in die Zukunft f\u00fchren.<\/p>\n<\/div><\/div><\/div><\/div><\/div><div class=\"vc_col-sm-6 wpb_column vc_column_container\"><div class=\"vc_column-inner\"><div class=\"wpb_wrapper\"><div class=\"w-separator size_custom\" style=\"height:100px\"><\/div><div class=\"w-image align_none animate_afc\" style=\"animation-delay:1s\"><div class=\"w-image-h\"><img width=\"1024\" height=\"684\" src=\"https:\/\/www.goingback.at\/wp-content\/uploads\/2023\/08\/Going_Handwerk_Baecker_Sandro_Schipflinger_Sommer2019_Martin_Lifka-8-1024x684.jpg\" class=\"attachment-large size-large\" alt=\"\" decoding=\"async\" loading=\"lazy\" srcset=\"https:\/\/www.goingback.at\/wp-content\/uploads\/2023\/08\/Going_Handwerk_Baecker_Sandro_Schipflinger_Sommer2019_Martin_Lifka-8-1024x684.jpg 1024w, https:\/\/www.goingback.at\/wp-content\/uploads\/2023\/08\/Going_Handwerk_Baecker_Sandro_Schipflinger_Sommer2019_Martin_Lifka-8-300x200.jpg 300w, https:\/\/www.goingback.at\/wp-content\/uploads\/2023\/08\/Going_Handwerk_Baecker_Sandro_Schipflinger_Sommer2019_Martin_Lifka-8-400x267.jpg 400w, https:\/\/www.goingback.at\/wp-content\/uploads\/2023\/08\/Going_Handwerk_Baecker_Sandro_Schipflinger_Sommer2019_Martin_Lifka-8-250x167.jpg 250w, https:\/\/www.goingback.at\/wp-content\/uploads\/2023\/08\/Going_Handwerk_Baecker_Sandro_Schipflinger_Sommer2019_Martin_Lifka-8-350x234.jpg 350w, https:\/\/www.goingback.at\/wp-content\/uploads\/2023\/08\/Going_Handwerk_Baecker_Sandro_Schipflinger_Sommer2019_Martin_Lifka-8.jpg 2000w\" sizes=\"(max-width: 1024px) 100vw, 1024px\" \/><\/div><\/div><\/div><\/div><\/div><\/div><div class=\"w-separator size_custom\" style=\"height:100px\"><\/div><div class=\"g-cols wpb_row  type_default valign_top vc_inner\"><div class=\"vc_col-sm-6 wpb_column vc_column_container\"><div class=\"vc_column-inner\"><div class=\"wpb_wrapper\"><div class=\"w-image align_none animate_afc\" style=\"animation-delay:1s\"><div class=\"w-image-h\"><img width=\"1024\" height=\"768\" src=\"https:\/\/www.goingback.at\/wp-content\/uploads\/2018\/12\/Team_11_2018-1024x768.jpg\" class=\"attachment-large size-large\" alt=\"\" decoding=\"async\" loading=\"lazy\" srcset=\"https:\/\/www.goingback.at\/wp-content\/uploads\/2018\/12\/Team_11_2018-1024x768.jpg 1024w, https:\/\/www.goingback.at\/wp-content\/uploads\/2018\/12\/Team_11_2018-300x225.jpg 300w, https:\/\/www.goingback.at\/wp-content\/uploads\/2018\/12\/Team_11_2018-400x300.jpg 400w, https:\/\/www.goingback.at\/wp-content\/uploads\/2018\/12\/Team_11_2018-250x188.jpg 250w, https:\/\/www.goingback.at\/wp-content\/uploads\/2018\/12\/Team_11_2018-350x263.jpg 350w\" sizes=\"(max-width: 1024px) 100vw, 1024px\" \/><\/div><\/div><div class=\"w-image align_none animate_afc\" style=\"animation-delay:1s\"><div class=\"w-image-h\"><img width=\"800\" height=\"600\" src=\"https:\/\/www.goingback.at\/wp-content\/uploads\/2018\/05\/fussball_DSC00938.jpg\" class=\"attachment-large size-large\" alt=\"\" decoding=\"async\" loading=\"lazy\" srcset=\"https:\/\/www.goingback.at\/wp-content\/uploads\/2018\/05\/fussball_DSC00938.jpg 800w, https:\/\/www.goingback.at\/wp-content\/uploads\/2018\/05\/fussball_DSC00938-300x225.jpg 300w\" sizes=\"(max-width: 800px) 100vw, 800px\" \/><\/div><\/div><\/div><\/div><\/div><div class=\"vc_col-sm-6 wpb_column vc_column_container\"><div class=\"vc_column-inner\"><div class=\"wpb_wrapper\"><div class=\"wpb_text_column\" ><div class=\"wpb_wrapper\"><h2>Das Team<\/h2>\n<p>Momentan besch\u00e4ftigen wir in der Backstube drei Mitarbeiter und im Verkauf und Caf\u00e9 zwei Mitarbeiterinnen.<\/p>\n<p>Brigitte und Sandro sind t\u00e4glich in der Backstube t\u00e4tig und behalten so den gesamten Produktionsablauf sprichw\u00f6rtlich im \u201eAuge und in der Hand\u201c.<\/p>\n<p>Brigitte k\u00fcmmert sich um das Sortiment bzw. Neuentwicklungen und steht f\u00fcr W\u00fcnsche und Fragen der Fertigung zur Verf\u00fcgung. Bei Allergien, Unvertr\u00e4glichkeiten oder anderen Gesundheitsproblemen entwickelt sie Rezepte f\u00fcr Spezialsorten. So geh\u00f6rt auch die Koordination f\u00fcr Sonderanfertigungen bei festlichen Anl\u00e4ssen zu ihrem Aufgabengebiet.<\/p>\n<p>Beliefert werden t\u00e4glich ca. 120 Kunden, dazu geh\u00f6ren haupts\u00e4chlich Hotels, Gasth\u00f6fe, Pensionen und private Vermieter in Going und Ellmau bzw. in der Region der Kitzb\u00fcheler Alpen und der Skiwelt Wilder Kaiser.<\/p>\n<\/div><\/div><\/div><\/div><\/div><\/div><div class=\"w-separator size_custom\" style=\"height:100px\"><\/div><div class=\"g-cols wpb_row  type_default valign_top vc_inner\"><div class=\"vc_col-sm-6 wpb_column vc_column_container\"><div class=\"vc_column-inner\"><div class=\"wpb_wrapper\"><div class=\"wpb_text_column\" ><div class=\"wpb_wrapper\"><h2>&#8230; und hier etwas Geschichte:<\/h2>\n<p>Wann diese traditionelle B\u00e4ckerei heimischen Ursprunges gegr\u00fcndet wurde, kann nicht mehr genau festgestellt werden. Ende des 19. Jhdt. wurde die B\u00e4ckerei von Josef Hagmann (geb. 1868) gekauft und f\u00fchrte sie bis zu seinem Tod im Jahre 1922.<\/p>\n<p>Bis 1924 stand der Betrieb still und wurde dann vom Sohn weitergef\u00fchrt, der ebenfalls Josef hie\u00df. Hagmann Junior (geb. 1889) baute einen neuen Backofen und legte damit einen weiteren Grundstein zur heutigen B\u00e4ckerei im Zentrum Going\u2032s.<\/p>\n<p>Von 1926 &#8211; 1945 arbeitete Eduard Trixl, der Ziehsohn, im B\u00e4ckereibetrieb. Die Arbeitszeit betrug damals w\u00f6chentlich ca. 85-90 Stunden! Im aufstrebenden Tourismusort Going war inzwischen auch das \u201egschmackige\u201d Brot vom Goinger B\u00e4ck in aller Munde. Im Privathaushalt oder Hotel sind die Brot-Spezialit\u00e4ten und feinen Backwaren beliebt und vom t\u00e4glichen Tisch nicht mehr wegzudenken. Nach dem Tod von Josef Hagmann im Jahre 1964 (im Alter von 75 Jahren) f\u00fchrte dessen Sohn Josef Hagmann (geb. 1930) die florierende B\u00e4ckerei weiter.<\/p>\n<p>1965 wurde ein neues Gesch\u00e4ft dazu gebaut. Das Sortiment wurde im Laufe der Zeit st\u00e4ndig erweitert, Spezialbrote und Konditorwaren, die wie hausgebacken schmecken, \u00fcberzeugten Kunden und G\u00e4ste. Josef Hagmann verstarb 1982 im Alter von 52 Jahren. Anschlie\u00dfend wurde die B\u00e4ckerei als Verlassenschaftsbetrieb gef\u00fchrt.<\/p>\n<p>1984 wurde der Betrieb von der jetzigen Besitzerin Brigitte Schipflinger geb. Hagmann (geb. 1959) also der Tochter von Theresia und Josef Hagmann \u00fcbernommen und wird seither wieder als Familienbetrieb gef\u00fchrt. Der Verkaufsladen wurde 1988 neu gestaltet und eingerichtet.<br \/>\nDie B\u00e4ckerei ist inzwischen auch ein beliebter Treffpunkt f\u00fcr hei\u00dfen Kaffee und frische Brot-Jause geworden. Der \u201eGoinger-B\u00e4ck\u201d ist einer der wenigen Betriebe in Going, die bereits seit \u00fcber 100 Jahren von mehreren Generationen gef\u00fchrt wird. Im Wettbewerb mit den Superm\u00e4rkten ist das eine gro\u00dfe Aufgabe, die nur durch Qualit\u00e4t, Innovation, hohem Einsatz von Brigitte, Hans und Sandro Schipflinger sowie den flei\u00dfigen Mitarbeitern gemeistert werden kann.<\/p>\n<\/div><\/div><\/div><\/div><\/div><div class=\"vc_col-sm-6 wpb_column vc_column_container\"><div class=\"vc_column-inner\"><div class=\"wpb_wrapper\"><div class=\"w-image align_none animate_afc\" style=\"animation-delay:0.6s\"><div class=\"w-image-h\"><img width=\"1000\" height=\"673\" src=\"https:\/\/www.goingback.at\/wp-content\/uploads\/2018\/05\/geschichte_goinger_baeck.png\" class=\"attachment-large size-large\" alt=\"\" decoding=\"async\" loading=\"lazy\" srcset=\"https:\/\/www.goingback.at\/wp-content\/uploads\/2018\/05\/geschichte_goinger_baeck.png 1000w, https:\/\/www.goingback.at\/wp-content\/uploads\/2018\/05\/geschichte_goinger_baeck-300x202.png 300w\" sizes=\"(max-width: 1000px) 100vw, 1000px\" \/><\/div><\/div><div class=\"w-image align_none animate_afc\" style=\"animation-delay:1s\"><div class=\"w-image-h\"><img width=\"1000\" height=\"723\" src=\"https:\/\/www.goingback.at\/wp-content\/uploads\/2018\/05\/geschichte_backstube.png\" class=\"attachment-large size-large\" alt=\"\" decoding=\"async\" loading=\"lazy\" srcset=\"https:\/\/www.goingback.at\/wp-content\/uploads\/2018\/05\/geschichte_backstube.png 1000w, https:\/\/www.goingback.at\/wp-content\/uploads\/2018\/05\/geschichte_backstube-300x217.png 300w\" sizes=\"(max-width: 1000px) 100vw, 1000px\" \/><\/div><\/div><\/div><\/div><\/div><\/div><div class=\"w-separator size_custom\" style=\"height:300px\"><\/div><\/div><\/div><\/div><\/div><\/div><\/section><!-- Row Backgrounds --><div class=\"upb_grad\" data-grad=\"background: -webkit-gradient(linear, left top, left bottom, color-stop(39%, #F3E5D5), color-stop(100%, #D7A975));background: -moz-linear-gradient(left,#F3E5D5 39%,#D7A975 100%);background: -webkit-linear-gradient(left,#F3E5D5 39%,#D7A975 100%);background: -o-linear-gradient(left,#F3E5D5 39%,#D7A975 100%);background: -ms-linear-gradient(left,#F3E5D5 39%,#D7A975 100%);background: linear-gradient(left,#F3E5D5 39%,#D7A975 100%);\" data-bg-override=\"browser_size\" data-upb-overlay-color=\"\" data-upb-bg-animation=\"\" data-fadeout=\"\" data-fadeout-percentage=\"30\" data-parallax-content=\"\" data-parallax-content-sense=\"30\" data-row-effect-mobile-disable=\"true\" data-img-parallax-mobile-disable=\"true\" data-rtl=\"false\"  data-custom-vc-row=\"\"  data-vc=\"6.4.1\"  data-is_old_vc=\"\"  data-theme-support=\"\"   data-overlay=\"false\" data-overlay-color=\"\" data-overlay-pattern=\"\" data-overlay-pattern-opacity=\"\" data-overlay-pattern-size=\"\"    ><\/div>\n","protected":false},"excerpt":{"rendered":"&#8230; wir backen\u2018s f\u00fcr Euch mit Herz &amp; Seele! Mit Sandro, Brigitte und Hans Schipflinger ist hier schon die vierte und f\u00fcnfte Generation am Backofen. Viele Sorten Brot, Geb\u00e4ck und feine Kuchen werden alle Tage (au\u00dfer Sonn- und Feiertage) frisch in der Goinger Dorfstra\u00dfe gebacken. Ab 6 Uhr morgens liegen diese K\u00f6stlichkeiten zum Greifen nahe...","protected":false},"author":1,"featured_media":0,"parent":0,"menu_order":0,"comment_status":"closed","ping_status":"closed","template":"","meta":{"footnotes":""},"_links":{"self":[{"href":"https:\/\/www.goingback.at\/index.php?rest_route=\/wp\/v2\/pages\/58"}],"collection":[{"href":"https:\/\/www.goingback.at\/index.php?rest_route=\/wp\/v2\/pages"}],"about":[{"href":"https:\/\/www.goingback.at\/index.php?rest_route=\/wp\/v2\/types\/page"}],"author":[{"embeddable":true,"href":"https:\/\/www.goingback.at\/index.php?rest_route=\/wp\/v2\/users\/1"}],"replies":[{"embeddable":true,"href":"https:\/\/www.goingback.at\/index.php?rest_route=%2Fwp%2Fv2%2Fcomments&post=58"}],"version-history":[{"count":41,"href":"https:\/\/www.goingback.at\/index.php?rest_route=\/wp\/v2\/pages\/58\/revisions"}],"predecessor-version":[{"id":584,"href":"https:\/\/www.goingback.at\/index.php?rest_route=\/wp\/v2\/pages\/58\/revisions\/584"}],"wp:attachment":[{"href":"https:\/\/www.goingback.at\/index.php?rest_route=%2Fwp%2Fv2%2Fmedia&parent=58"}],"curies":[{"name":"wp","href":"https:\/\/api.w.org\/{rel}","templated":true}]}}