{"id":258,"date":"2018-05-22T20:42:28","date_gmt":"2018-05-22T20:42:28","guid":{"rendered":"http:\/\/www.goingback.at\/?page_id=258"},"modified":"2020-03-16T10:38:03","modified_gmt":"2020-03-16T10:38:03","slug":"guad-iss","status":"publish","type":"page","link":"https:\/\/www.goingback.at\/?page_id=258","title":{"rendered":"Guat is&#8217;s"},"content":{"rendered":"<section class=\"l-section wpb_row height_medium\"><div class=\"l-section-h i-cf\"><div class=\"g-cols vc_row type_default valign_top\"><div class=\"vc_col-sm-12 wpb_column vc_column_container\"><div class=\"vc_column-inner\"><div class=\"wpb_wrapper\"><div class=\"g-cols wpb_row  type_default valign_top vc_inner\"><div class=\"vc_col-sm-12 wpb_column vc_column_container\"><div class=\"vc_column-inner\"><div class=\"wpb_wrapper\"><div class=\"w-image align_none animate_afc\" style=\"animation-delay:0.2s\"><div class=\"w-image-h\"><img width=\"1024\" height=\"531\" src=\"https:\/\/www.goingback.at\/wp-content\/uploads\/2018\/05\/guad-iss-1024x531.png\" class=\"attachment-large size-large\" alt=\"\" decoding=\"async\" loading=\"lazy\" srcset=\"https:\/\/www.goingback.at\/wp-content\/uploads\/2018\/05\/guad-iss-1024x531.png 1024w, https:\/\/www.goingback.at\/wp-content\/uploads\/2018\/05\/guad-iss-300x155.png 300w, https:\/\/www.goingback.at\/wp-content\/uploads\/2018\/05\/guad-iss.png 1563w\" sizes=\"(max-width: 1024px) 100vw, 1024px\" \/><\/div><\/div><\/div><\/div><\/div><\/div><div class=\"g-cols wpb_row  type_default valign_top vc_inner\"><div class=\"vc_col-sm-4 wpb_column vc_column_container\"><div class=\"vc_column-inner\"><div class=\"wpb_wrapper\"><div class=\"w-image align_none animate_afc\" style=\"animation-delay:1s\"><div class=\"w-image-h\"><img width=\"1000\" height=\"750\" src=\"https:\/\/www.goingback.at\/wp-content\/uploads\/2018\/05\/honig_IMG_3708.jpg\" class=\"attachment-large size-large\" alt=\"\" decoding=\"async\" loading=\"lazy\" srcset=\"https:\/\/www.goingback.at\/wp-content\/uploads\/2018\/05\/honig_IMG_3708.jpg 1000w, https:\/\/www.goingback.at\/wp-content\/uploads\/2018\/05\/honig_IMG_3708-300x225.jpg 300w\" sizes=\"(max-width: 1000px) 100vw, 1000px\" \/><\/div><\/div><\/div><\/div><\/div><div class=\"vc_col-sm-4 wpb_column vc_column_container\"><div class=\"vc_column-inner\"><div class=\"wpb_wrapper\"><div class=\"wpb_text_column\" ><div class=\"wpb_wrapper\"><h2>K\u00f6stlichkeiten &#8230;<br \/>\ns\u2018kommt halt von uns Dahoam<\/h2>\n<p>&#8230; das Mehl, die Milch, die Eier, der Bienen-Honig und vieles mehr.<br \/>\nDie Kitzb\u00fcheler Alpen, Tirol und \u00d6sterreich sind reich an nat\u00fcrlichen Produkten. Etwas Anderes m\u00f6chten wir nicht verkaufen, auch wenn\u2018s ein bisschen mehr kostet.<br \/>\n\u201eNat\u00fcrlich\u201c &#8230;&#8230; was sonst!<br \/>\nDa wei\u00df man immer von wo\u2018s herkommt, was drin ist,<br \/>\nalso was man isst! Und . . . guad is\u2018!<\/p>\n<\/div><\/div><\/div><\/div><\/div><div class=\"vc_col-sm-4 wpb_column vc_column_container\"><div class=\"vc_column-inner\"><div class=\"wpb_wrapper\"><div class=\"w-image align_none\"><div class=\"w-image-h\"><img width=\"461\" height=\"755\" src=\"https:\/\/www.goingback.at\/wp-content\/uploads\/2018\/05\/eier_mehl.png\" class=\"attachment-large size-large\" alt=\"\" decoding=\"async\" loading=\"lazy\" srcset=\"https:\/\/www.goingback.at\/wp-content\/uploads\/2018\/05\/eier_mehl.png 461w, https:\/\/www.goingback.at\/wp-content\/uploads\/2018\/05\/eier_mehl-183x300.png 183w\" sizes=\"(max-width: 461px) 100vw, 461px\" \/><\/div><\/div><\/div><\/div><\/div><\/div><\/div><\/div><\/div><\/div><\/div><\/section><!-- Row Backgrounds --><div class=\"upb_grad\" data-grad=\"background: -webkit-gradient(linear, left top, left bottom, color-stop(0%, #F3E5D5), color-stop(100%, #D7AB76));background: -moz-linear-gradient(top,#F3E5D5 0%,#D7AB76 100%);background: -webkit-linear-gradient(top,#F3E5D5 0%,#D7AB76 100%);background: -o-linear-gradient(top,#F3E5D5 0%,#D7AB76 100%);background: -ms-linear-gradient(top,#F3E5D5 0%,#D7AB76 100%);background: linear-gradient(top,#F3E5D5 0%,#D7AB76 100%);\" data-bg-override=\"0\" data-upb-overlay-color=\"\" data-upb-bg-animation=\"\" data-fadeout=\"\" data-fadeout-percentage=\"30\" data-parallax-content=\"\" data-parallax-content-sense=\"30\" data-row-effect-mobile-disable=\"true\" data-img-parallax-mobile-disable=\"true\" data-rtl=\"false\"  data-custom-vc-row=\"\"  data-vc=\"6.4.1\"  data-is_old_vc=\"\"  data-theme-support=\"\"   data-overlay=\"false\" data-overlay-color=\"\" data-overlay-pattern=\"\" data-overlay-pattern-opacity=\"\" data-overlay-pattern-size=\"\"    ><\/div><section class=\"l-section wpb_row height_medium\"><div class=\"l-section-h i-cf\"><div class=\"g-cols vc_row type_default valign_top\"><div class=\"vc_col-sm-12 wpb_column vc_column_container\"><div class=\"vc_column-inner\"><div class=\"wpb_wrapper\"><div class=\"wpb_text_column\" ><div class=\"wpb_wrapper\"><h2 style=\"text-align: center;\">Unsere Philosophie &#8230; ist einfach G\u2018schmacksache!<\/h2>\n<\/div><\/div><\/div><\/div><\/div><\/div><\/div><\/section><section class=\"l-section wpb_row height_medium\"><div class=\"l-section-h i-cf\"><div class=\"g-cols vc_row type_default valign_top\"><div class=\"vc_col-sm-6 wpb_column vc_column_container\"><div class=\"vc_column-inner\"><div class=\"wpb_wrapper\"><div class=\"w-image align_none animate_afl\" style=\"animation-delay:0.2s\"><div class=\"w-image-h\"><img width=\"531\" height=\"481\" src=\"https:\/\/www.goingback.at\/wp-content\/uploads\/2018\/05\/semmel_billig.png\" class=\"attachment-large size-large\" alt=\"\" decoding=\"async\" loading=\"lazy\" srcset=\"https:\/\/www.goingback.at\/wp-content\/uploads\/2018\/05\/semmel_billig.png 531w, https:\/\/www.goingback.at\/wp-content\/uploads\/2018\/05\/semmel_billig-300x272.png 300w\" sizes=\"(max-width: 531px) 100vw, 531px\" \/><\/div><\/div><div class=\"wpb_text_column\" ><div class=\"wpb_wrapper\"><h2 style=\"text-align: center; color: grey;\">S U P E R M A R K T<\/h2>\n<\/div><\/div><\/div><\/div><\/div><div class=\"vc_col-sm-6 wpb_column vc_column_container\"><div class=\"vc_column-inner\"><div class=\"wpb_wrapper\"><div class=\"w-separator size_custom\" style=\"height:17px\"><\/div><div class=\"w-image align_none animate_afr\" style=\"animation-delay:1s\"><div class=\"w-image-h\"><img width=\"512\" height=\"437\" src=\"https:\/\/www.goingback.at\/wp-content\/uploads\/2018\/05\/semmel_preiswert.png\" class=\"attachment-large size-large\" alt=\"\" decoding=\"async\" loading=\"lazy\" srcset=\"https:\/\/www.goingback.at\/wp-content\/uploads\/2018\/05\/semmel_preiswert.png 512w, https:\/\/www.goingback.at\/wp-content\/uploads\/2018\/05\/semmel_preiswert-300x256.png 300w\" sizes=\"(max-width: 512px) 100vw, 512px\" \/><\/div><\/div><div class=\"w-image align_center animate_afc\" style=\"animation-delay:0.6s\"><div class=\"w-image-h\"><img width=\"300\" height=\"72\" src=\"https:\/\/www.goingback.at\/wp-content\/uploads\/2018\/05\/einzigartig-1-300x72.png\" class=\"attachment-medium size-medium\" alt=\"\" decoding=\"async\" loading=\"lazy\" srcset=\"https:\/\/www.goingback.at\/wp-content\/uploads\/2018\/05\/einzigartig-1-300x72.png 300w, https:\/\/www.goingback.at\/wp-content\/uploads\/2018\/05\/einzigartig-1.png 711w\" sizes=\"(max-width: 300px) 100vw, 300px\" \/><\/div><\/div><\/div><\/div><\/div><\/div><\/div><\/section>\n","protected":false},"excerpt":{"rendered":"K\u00f6stlichkeiten &#8230; s\u2018kommt halt von uns Dahoam &#8230; das Mehl, die Milch, die Eier, der Bienen-Honig und vieles mehr. Die Kitzb\u00fcheler Alpen, Tirol und \u00d6sterreich sind reich an nat\u00fcrlichen Produkten. Etwas Anderes m\u00f6chten wir nicht verkaufen, auch wenn\u2018s ein bisschen mehr kostet. \u201eNat\u00fcrlich\u201c &#8230;&#8230; was sonst! Da wei\u00df man immer von wo\u2018s herkommt, was drin...","protected":false},"author":1,"featured_media":0,"parent":0,"menu_order":0,"comment_status":"closed","ping_status":"closed","template":"","meta":{"footnotes":""},"_links":{"self":[{"href":"https:\/\/www.goingback.at\/index.php?rest_route=\/wp\/v2\/pages\/258"}],"collection":[{"href":"https:\/\/www.goingback.at\/index.php?rest_route=\/wp\/v2\/pages"}],"about":[{"href":"https:\/\/www.goingback.at\/index.php?rest_route=\/wp\/v2\/types\/page"}],"author":[{"embeddable":true,"href":"https:\/\/www.goingback.at\/index.php?rest_route=\/wp\/v2\/users\/1"}],"replies":[{"embeddable":true,"href":"https:\/\/www.goingback.at\/index.php?rest_route=%2Fwp%2Fv2%2Fcomments&post=258"}],"version-history":[{"count":17,"href":"https:\/\/www.goingback.at\/index.php?rest_route=\/wp\/v2\/pages\/258\/revisions"}],"predecessor-version":[{"id":556,"href":"https:\/\/www.goingback.at\/index.php?rest_route=\/wp\/v2\/pages\/258\/revisions\/556"}],"wp:attachment":[{"href":"https:\/\/www.goingback.at\/index.php?rest_route=%2Fwp%2Fv2%2Fmedia&parent=258"}],"curies":[{"name":"wp","href":"https:\/\/api.w.org\/{rel}","templated":true}]}}