{"id":245,"date":"2018-05-22T20:17:04","date_gmt":"2018-05-22T20:17:04","guid":{"rendered":"http:\/\/www.goingback.at\/?page_id=245"},"modified":"2020-03-16T10:38:03","modified_gmt":"2020-03-16T10:38:03","slug":"impressum-und-datenschutz","status":"publish","type":"page","link":"https:\/\/www.goingback.at\/?page_id=245","title":{"rendered":"Impressum und Datenschutz"},"content":{"rendered":"<section class=\"l-section wpb_row height_medium\"><div class=\"l-section-h i-cf\"><div class=\"g-cols vc_row type_default valign_top\"><div class=\"vc_col-sm-12 wpb_column vc_column_container\"><div class=\"vc_column-inner\"><div class=\"wpb_wrapper\"><div class=\"g-cols wpb_row  type_default valign_top vc_inner\"><div class=\"vc_col-sm-6 wpb_column vc_column_container\"><div class=\"vc_column-inner\"><div class=\"wpb_wrapper\"><div class=\"w-image align_none\"><div class=\"w-image-h\"><img width=\"1024\" height=\"613\" src=\"https:\/\/www.goingback.at\/wp-content\/uploads\/2018\/05\/kekse-1024x613.jpg\" class=\"attachment-large size-large\" alt=\"\" decoding=\"async\" loading=\"lazy\" srcset=\"https:\/\/www.goingback.at\/wp-content\/uploads\/2018\/05\/kekse-1024x613.jpg 1024w, https:\/\/www.goingback.at\/wp-content\/uploads\/2018\/05\/kekse-300x180.jpg 300w, https:\/\/www.goingback.at\/wp-content\/uploads\/2018\/05\/kekse.jpg 1200w\" sizes=\"(max-width: 1024px) 100vw, 1024px\" \/><\/div><\/div><div class=\"w-separator size_custom\" style=\"height:32px\"><\/div><div class=\"wpb_text_column\" ><div class=\"wpb_wrapper\"><h2>Impressum<\/h2>\n<p><strong>Informationseigent\u00fcmer:<\/strong><br \/>\nGoinger B\u00e4ck GmbH<br \/>\nGF Sandro Schipflinger<br \/>\nA-6353 Going am Wilden Kaiser<br \/>\nDorfstra\u00dfe 31<br \/>\nTelefon: +43 5358 2445<br \/>\nFax: +43 5358 44224<br \/>\nwww.goingback.at<br \/>\n<a href=\"mailto:brot@goingback.at\">brot@goingback.at<\/a><\/p>\n<p><strong>Konzept &amp; Design:<\/strong><br \/>\nAndreas L. Obernauer<br \/>\nHornweg 36<br \/>\nA-6370 Kitzb\u00fchel<br \/>\nTelefon: +43 5356 63096 0<br \/>\nFax: +43 5356 72679<br \/>\n<a href=\"mailto:andreas@obernauer.at\">andreas@obernauer.at<\/a><br \/>\n<a href=\"http:\/\/www.obernauer.at\" target=\"_blank\" rel=\"noopener\">www.obernauer.at<\/a><\/p>\n<p><strong>Fotonachweis:<\/strong><br \/>\nAndreas L. Obernauer, Kitzb\u00fchel<br \/>\nFamilie Schipflinger<br \/>\nFotostock.com<\/p>\n<p>&nbsp;<\/p>\n<p><strong>Details in Ver\u00e4nderung!<\/strong><\/p>\n<div id=\"dpahahyoutubeVideoPipContainer\" class=\"youtubeVideoPipScaleup\" style=\"z-index: 1104; display: none;\"><img decoding=\"async\" id=\"youtubeVideoPipIcon\" src=\"data:image\/png;base64,iVBORw0KGgoAAAANSUhEUgAAADAAAAAwCAYAAABXAvmHAAAMznpUWHRSYXcgcHJvZmlsZSB0eXBlIGV4aWYAAHja7Vpblusgrv3XKHoIiJdgODzXujO4w+8tcFJ5V1I5n51UxTa2BWhLWxI2jf\/\/v0n\/wSc6E8kHSTHHaPDx2WdbsJPM\/uwtG79+18cdp3B81U7nExZN7ufKOI7rC9rDzw3ij\/Z63U7SDjnpEHScOAl02rPFznFdOgQ5u9v5OKZ83Ff8xXSO\/zaWCMOH0NtjL1BGD2h0luxwaMev114cRuCyK9h6\/OoZbRHsexfwG1x4rDs6794o77x3oztTjnZ3rQoy8bgg3ujoaOfwWHdLQ5cj4p+er06kymIuPxe6m7OnOceeXfERmop0TOo0lbWHCytU6dZtEV\/Bf8C+rG\/GN2GKDYh1oFnxbcSZLXQ62XPnwpPH2jZuGKK3wwq21jbrVltyYrNtCxSvX55WAE8nl4BVA2oOzfY8Fl795tVf44SeO+NKyxDGuOPuS48a\/\/I9C5pTTZfZpLOuMC6rBohhKHL6i6sACM9Dp2Hpd33pwm7MBbAOCIal5oQJFlO3iBr4x7bcwtnhumA8me0aLP0QABWh74DBsAMCJrILHNmItcIMPSbgUzBy67ytQIBDsJ1pAhvnIsBJVvvGPcLrWhvsbga1LAeJcJWkDgSwvA+wH\/EJNlTgN55CCDFISCGHEl30McQYJSpHFXHiJUgUkSRZSnLJp5BikpRSTiXb7EBhIccslFPOuRR0WiC64O6CK0qptrrqa6ixSk0119JgPs230GKTllpupdvuOty\/xy7UU8+9DB4wpeFHGHHISCOPMmFr000\/w4xTZpp5ljNqB6rXqPENcq9R4wM1Rcyv6+QHNTSLnESw0klQzICY9QzERRGAQVvFzCT23ipyipnJFk4RLFDjoOB0VsSAoB9sw+Qzdj\/IvcSNgv8IN\/sMOVLo\/gVypNAdyN3j9gC1XlZEcQsg9ULVqXETxNb1rKtz+DxinnDIGTmAArEHPdQw4U7SnR5XLzJbdk0PR4OLaOvA+CnWEQEv4lrB39+39NcbZ5E5Yxo6omwlkx5jeilEDLYzHFla4wDVzNEZ07Z+Or8mXE1p62rAEsrMgFD3VTJGdNr5dvuuIDcWDFeo4HijgtGCRi5huQIFaGxYFJRYW5yY8jClO2leQFEdJor40a1PoBFEB5hELQmhohSpJcOKIjIBrg4hcCaZsMxYq0vwmhi0Ax6tzxb77GMdx1g7Qbe2wo8ajL5EX2GfdrKr1bfoTbToDgMJ3BvGX0Ln2WyPDvzZa28dhi9mABYQW0uZs15uYYnGdVvj+Fzb9DlMiKUt9MFcZ5cZQiqj9AjLjj51MJXG7ooYg+japNo8Awe4IOI74ngZFbFcau8MwrFwxxiqiI\/Z+Ii\/1sgPnyx8m0cOKcMQy0x9IgGImV1MMMIaoFqY9GA\/Dayg9wibBowWCneFYZtJKiGpVSqwPufhJGma0opH2mZbc0g4m2h66fqslw5x7w8kKc+EYQxbQ4fpK49Z34afrRiZEgBtda+FoP9BycM67LLO0I1u7VJLtIF90JwVumranuoMreZp5sgO+uvFi6ktTZeAPGXPSEGhe9zqOiw8Y4JJhosYq\/O5zjQQnlv1GSyclLGt19CQW2bIgm7R75jkkPq3ofyE4I\/5Le82oMiuezDyZbsDvAzngcFDpeo0PIuT2WfOa6JpELJdgbl+LY62vO\/F0eXwvhFH97P9mzh6prxPxdFrLN4XR+9A+444et9SXoujTw3vmTj6mx3fi6OXWIAPlGvGcmr4GahgEcBoEymJBGRGYMQWwIuUkFn03mbpEFHD4fLc3GzB1azByrSA9CZFa\/qwSEowtiaItMhwQJM2SyhFGVIDkVZtE6OvrYMkF\/W5NE3qIB8QM34H8iNbh5gufsSZ3Rw1pzli1OiZKv2S0gyjtReOGvhlEZp4DDYFWQrZ6QE4zNPKEDTz2RnCzg9wPThuuAbZo0LS8Ctst3CK4KnNpJq3doQlEgGyl50sgSJBdpIQrgeqCrP7r8dZr3MGlH7dlhnpq3Yy+sJRfW1rTedlOSNAD8ScfdJG5EFD3suY6IMUq9Y6DSyjJS5xmcxMawuGjlQRQsZAorFGYU0ES2PECKMTufpKzUo5ZWkOmmlLMync4EkLUGjFzfCDaB0r63l206N7aJtBm89TqAsr2DZwaQHn9JAe54cbf3WTtqzrtQ1AJZaWGWwbeGQBG\/9r9A\/sVfxCH75dJp2w1wh7gf5n2GNLn2IPZ9nob+wV+QU8Hchf4a6F9jPkVR+PYKQn2L+86f4epH732P+NAdRF\/L9gANo9fM8ApBTwLxiAPiyynjIAnQ3hSwagp4h+yAD0Ewi+YwB6XiF+xgBqR\/ZfMABdYv9HBhgNwKA4RlINxKAZi7iM2IzqgX3W4qUEGyMiNYqvgsuBGGrNMtE6U0Chsx2GpxRZyagqZlhbM8++fW14QS8oTU30q6W4aAtSEszcNQWLgxswKYiWctjR3AqGpA138LOsugMojrycQSbPnY+UqcXjrbS1pLEEnkelBHJIOslZUrS4fSLlGNNaG\/kXY6JD4Ndj2jTyM6ZsUEXnLsEP0yGn343Hl5gDOM4uf+B2eCk9dNPBr8heBcCLD9Nu0w3HcJGWCqs1hqmrFsUOvyz0KPZmX+5TBsrFnNUCpt52fxe9uk35w\/1ehsa0fY3HZuxViVoOY75eu0J9rQ87AMq0yvADcrIh7bZyPLmNc8Memqk57g5mPBJo1zWtHkoWujqwHCSMseEv7ILm3pORTA+P8ld7mciKpyb1SmCTMaOWYmQ9I+tMLtBzbj\/LFPR4taiDWOLSBwhjWhT9ozGUBDLpqSh5LtVeXEMPL\/pgqS3FsiyFnuWEnwYE+iS9exUQ6EVe8FFAoGc54acBgZ7lhJ8GBHqWE34aEG5TvxniIm4VexC3pjuLus\/Evaz05iq6v+z99TbQUTnZCD3KHi\/o6KGNPSIk2g66yUUddC+lXtHSZpc7Srq+j3698ZKUTpR0EBLGd6YkQvMipMulsTC2Db1aud2UpGRoZdPI5qXHtHSQknaySOmKkow5SGlREs0zIYEr7QZ0k5IquIat4Hti0rNynFVyoit2ek1OK5N9Rk50sNOLi94jJ7pipxdFy281C71btPxWs9C7RctvNQt9smzxqmahT5YtXtUs9Mmyxauahd5MXDtwEqh2mbTHSOMQuJkvXOExnCO1XkwINYYQY2+hc7UiznBCmjRg\/XVpbRk3qysbWU0ydO1aF70wRV26ItbJqKLXipoCpStqTXO4nOqxosa\/C6O1EPYPhNFpaN8Ko8t5fiOMbpX2ljABDmBMJK8j87DSxRLXXm1VxxnWAzx9aJrZsNKO63AQXvWHs8djmmfOS3+LGfchg\/4WM+5DBv0lZoxki++pXjo4wcPlF\/\/mMIFNxhalgLNNH4Mna8W6EaybFUTaUUHyDOm8Qns8kfGu4j7o04EBQ\/GIMj5ll7LJGQfwoJAkGun+\/ECGTIYH6rIw8JRkp\/gcPLCzzEDRauqaHQgNqQPCnfO6AL2XnpsWQUfinOJpYXyWY+lZ1kq2puMr\/7G8V7LHsZIN2ljr2HfiaMv7XhxdDu8bcXQ\/27+Jo2fK+1QcPVPep+LoNRbvi6N3oH1HHL1vKa\/F0aeG90wc\/c2O78Wtp1lyeiLDYNekj0JRCZusrtWixOxrctwq3C81w70j5Ib9MEYfvm5\/pwEe4ZSiNOue0dbgVMdN2R4xtASWDiAohNZM6AlENBERGjh4aLKJqSF1i8hTOhIK723z+jBngqT7iIv7zF0RT7dVfJPkpEVkTYLJgoVitwMUXwTxQpzFJG3JDI5ErlSRNiSMuO1a5EWFv19OmYgzQBnaSKOKxBl7RL9QRmkxomDyIZC+J5a4pzxD6XXpBPjIqhID1NVVYZ2HTnzltwkBqOpRD5oPpehCqvC1WH3P+iZAsNZLyKnpiwBmPeLyUxD8NB7F8s+W6l9sKxJGRk2bYDDiA5Imh4iLKqJ3ff9QX0q0UJjLVpneuq7xEchxleYBgV2vKSK7hSqtod5sGswaVfqadwpIzED0qB7Y6Ltj+8m+s\/oChNGIDjMUTf1mtJJQcHjoXHRqqClq9Qj8yIUxHOboWV\/6KlVftUDSAGMsPdr1BPPZ+y40f3Cee3XoVZRt7cItrrb07MSn21eCePo3EvacUC30SqjBJnZ9RyEJXjBgkFJgQGL0BcVmAUYNpZaCshD3gwdqDrBCOEdVEjBLHabRcGMVoHBEqCrrqqMyz3BBh+T0HY25x9H0iWtyi7eQVSlvKWedosiRE7ZvBdJJ4rcC6XaIfxVIz+b8qUD6TYnvCqR3UflNIH0K8zOB9Fe7uRVI3xriSeD\/LPt\/lq1PPTriBf0XmFqkHjGvVvsAAAAGYktHRAD\/AP8A\/6C9p5MAAAAJcEhZcwAADsMAAA7DAcdvqGQAAAAHdElNRQfjBAoPLTdV8j31AAABaElEQVRo3u2ZP26DMBjF7aSCpiW9AFIHNoi4Qa9AVrYcAZEoCDEwewE8homBhTOwtwsz5BYdqiapiErdiVQ0W1sJ3Hxvw8LS+9nfA\/9BjDHEs0aIcwEAAFw6wNX3BsuyJq7rHoZq2Pf96yRJ6vYZM8YQxhghhJBt23eO47wMfdSjKJLCMNx3ADabDZ7P5x+8lE6WZaP1es1OGSiKYspT7ZdlOe2EuKoqgSeA7XYrdELcNM3ZS57n3aRp+ta32cViMSGEdD4srV\/4DwAAAAAAAADA\/1pO\/5UMw5COx6P0w+4MIfSc5\/l7bwBxHL\/+pn9d1w+KojxxW0KiKD5CiAEAAAAAAAAAAPqSaZr3vS7mZFnGUEIXtR8QhPOTRULIgRAySOOt39MM6Lpe8zTys9ms7gCoqrrjCUDTtF0HYLlcsiAIJB7Mh2F4u1qt2FmIKaV7Sul4yOYppeMoir5OquGmHgAAgG9h3kP8Cbu0bHH\/qfIIAAAAAElFTkSuQmCC\" \/><\/div>\n<div><\/div>\n<div id=\"dpahahyoutubeVideoPipContainer\" class=\"youtubeVideoPipScaleup\" style=\"z-index: 1104; display: none;\"><img decoding=\"async\" id=\"youtubeVideoPipIcon\" src=\"data:image\/png;base64,iVBORw0KGgoAAAANSUhEUgAAADAAAAAwCAYAAABXAvmHAAAMznpUWHRSYXcgcHJvZmlsZSB0eXBlIGV4aWYAAHja7Vpblusgrv3XKHoIiJdgODzXujO4w+8tcFJ5V1I5n51UxTa2BWhLWxI2jf\/\/v0n\/wSc6E8kHSTHHaPDx2WdbsJPM\/uwtG79+18cdp3B81U7nExZN7ufKOI7rC9rDzw3ij\/Z63U7SDjnpEHScOAl02rPFznFdOgQ5u9v5OKZ83Ff8xXSO\/zaWCMOH0NtjL1BGD2h0luxwaMev114cRuCyK9h6\/OoZbRHsexfwG1x4rDs6794o77x3oztTjnZ3rQoy8bgg3ujoaOfwWHdLQ5cj4p+er06kymIuPxe6m7OnOceeXfERmop0TOo0lbWHCytU6dZtEV\/Bf8C+rG\/GN2GKDYh1oFnxbcSZLXQ62XPnwpPH2jZuGKK3wwq21jbrVltyYrNtCxSvX55WAE8nl4BVA2oOzfY8Fl795tVf44SeO+NKyxDGuOPuS48a\/\/I9C5pTTZfZpLOuMC6rBohhKHL6i6sACM9Dp2Hpd33pwm7MBbAOCIal5oQJFlO3iBr4x7bcwtnhumA8me0aLP0QABWh74DBsAMCJrILHNmItcIMPSbgUzBy67ytQIBDsJ1pAhvnIsBJVvvGPcLrWhvsbga1LAeJcJWkDgSwvA+wH\/EJNlTgN55CCDFISCGHEl30McQYJSpHFXHiJUgUkSRZSnLJp5BikpRSTiXb7EBhIccslFPOuRR0WiC64O6CK0qptrrqa6ixSk0119JgPs230GKTllpupdvuOty\/xy7UU8+9DB4wpeFHGHHISCOPMmFr000\/w4xTZpp5ljNqB6rXqPENcq9R4wM1Rcyv6+QHNTSLnESw0klQzICY9QzERRGAQVvFzCT23ipyipnJFk4RLFDjoOB0VsSAoB9sw+Qzdj\/IvcSNgv8IN\/sMOVLo\/gVypNAdyN3j9gC1XlZEcQsg9ULVqXETxNb1rKtz+DxinnDIGTmAArEHPdQw4U7SnR5XLzJbdk0PR4OLaOvA+CnWEQEv4lrB39+39NcbZ5E5Yxo6omwlkx5jeilEDLYzHFla4wDVzNEZ07Z+Or8mXE1p62rAEsrMgFD3VTJGdNr5dvuuIDcWDFeo4HijgtGCRi5huQIFaGxYFJRYW5yY8jClO2leQFEdJor40a1PoBFEB5hELQmhohSpJcOKIjIBrg4hcCaZsMxYq0vwmhi0Ax6tzxb77GMdx1g7Qbe2wo8ajL5EX2GfdrKr1bfoTbToDgMJ3BvGX0Ln2WyPDvzZa28dhi9mABYQW0uZs15uYYnGdVvj+Fzb9DlMiKUt9MFcZ5cZQiqj9AjLjj51MJXG7ooYg+japNo8Awe4IOI74ngZFbFcau8MwrFwxxiqiI\/Z+Ii\/1sgPnyx8m0cOKcMQy0x9IgGImV1MMMIaoFqY9GA\/Dayg9wibBowWCneFYZtJKiGpVSqwPufhJGma0opH2mZbc0g4m2h66fqslw5x7w8kKc+EYQxbQ4fpK49Z34afrRiZEgBtda+FoP9BycM67LLO0I1u7VJLtIF90JwVumranuoMreZp5sgO+uvFi6ktTZeAPGXPSEGhe9zqOiw8Y4JJhosYq\/O5zjQQnlv1GSyclLGt19CQW2bIgm7R75jkkPq3ofyE4I\/5Le82oMiuezDyZbsDvAzngcFDpeo0PIuT2WfOa6JpELJdgbl+LY62vO\/F0eXwvhFH97P9mzh6prxPxdFrLN4XR+9A+444et9SXoujTw3vmTj6mx3fi6OXWIAPlGvGcmr4GahgEcBoEymJBGRGYMQWwIuUkFn03mbpEFHD4fLc3GzB1azByrSA9CZFa\/qwSEowtiaItMhwQJM2SyhFGVIDkVZtE6OvrYMkF\/W5NE3qIB8QM34H8iNbh5gufsSZ3Rw1pzli1OiZKv2S0gyjtReOGvhlEZp4DDYFWQrZ6QE4zNPKEDTz2RnCzg9wPThuuAbZo0LS8Ctst3CK4KnNpJq3doQlEgGyl50sgSJBdpIQrgeqCrP7r8dZr3MGlH7dlhnpq3Yy+sJRfW1rTedlOSNAD8ScfdJG5EFD3suY6IMUq9Y6DSyjJS5xmcxMawuGjlQRQsZAorFGYU0ES2PECKMTufpKzUo5ZWkOmmlLMync4EkLUGjFzfCDaB0r63l206N7aJtBm89TqAsr2DZwaQHn9JAe54cbf3WTtqzrtQ1AJZaWGWwbeGQBG\/9r9A\/sVfxCH75dJp2w1wh7gf5n2GNLn2IPZ9nob+wV+QU8Hchf4a6F9jPkVR+PYKQn2L+86f4epH732P+NAdRF\/L9gANo9fM8ApBTwLxiAPiyynjIAnQ3hSwagp4h+yAD0Ewi+YwB6XiF+xgBqR\/ZfMABdYv9HBhgNwKA4RlINxKAZi7iM2IzqgX3W4qUEGyMiNYqvgsuBGGrNMtE6U0Chsx2GpxRZyagqZlhbM8++fW14QS8oTU30q6W4aAtSEszcNQWLgxswKYiWctjR3AqGpA138LOsugMojrycQSbPnY+UqcXjrbS1pLEEnkelBHJIOslZUrS4fSLlGNNaG\/kXY6JD4Ndj2jTyM6ZsUEXnLsEP0yGn343Hl5gDOM4uf+B2eCk9dNPBr8heBcCLD9Nu0w3HcJGWCqs1hqmrFsUOvyz0KPZmX+5TBsrFnNUCpt52fxe9uk35w\/1ehsa0fY3HZuxViVoOY75eu0J9rQ87AMq0yvADcrIh7bZyPLmNc8Memqk57g5mPBJo1zWtHkoWujqwHCSMseEv7ILm3pORTA+P8ld7mciKpyb1SmCTMaOWYmQ9I+tMLtBzbj\/LFPR4taiDWOLSBwhjWhT9ozGUBDLpqSh5LtVeXEMPL\/pgqS3FsiyFnuWEnwYE+iS9exUQ6EVe8FFAoGc54acBgZ7lhJ8GBHqWE34aEG5TvxniIm4VexC3pjuLus\/Evaz05iq6v+z99TbQUTnZCD3KHi\/o6KGNPSIk2g66yUUddC+lXtHSZpc7Srq+j3698ZKUTpR0EBLGd6YkQvMipMulsTC2Db1aud2UpGRoZdPI5qXHtHSQknaySOmKkow5SGlREs0zIYEr7QZ0k5IquIat4Hti0rNynFVyoit2ek1OK5N9Rk50sNOLi94jJ7pipxdFy281C71btPxWs9C7RctvNQt9smzxqmahT5YtXtUs9Mmyxauahd5MXDtwEqh2mbTHSOMQuJkvXOExnCO1XkwINYYQY2+hc7UiznBCmjRg\/XVpbRk3qysbWU0ydO1aF70wRV26ItbJqKLXipoCpStqTXO4nOqxosa\/C6O1EPYPhNFpaN8Ko8t5fiOMbpX2ljABDmBMJK8j87DSxRLXXm1VxxnWAzx9aJrZsNKO63AQXvWHs8djmmfOS3+LGfchg\/4WM+5DBv0lZoxki++pXjo4wcPlF\/\/mMIFNxhalgLNNH4Mna8W6EaybFUTaUUHyDOm8Qns8kfGu4j7o04EBQ\/GIMj5ll7LJGQfwoJAkGun+\/ECGTIYH6rIw8JRkp\/gcPLCzzEDRauqaHQgNqQPCnfO6AL2XnpsWQUfinOJpYXyWY+lZ1kq2puMr\/7G8V7LHsZIN2ljr2HfiaMv7XhxdDu8bcXQ\/27+Jo2fK+1QcPVPep+LoNRbvi6N3oH1HHL1vKa\/F0aeG90wc\/c2O78Wtp1lyeiLDYNekj0JRCZusrtWixOxrctwq3C81w70j5Ib9MEYfvm5\/pwEe4ZSiNOue0dbgVMdN2R4xtASWDiAohNZM6AlENBERGjh4aLKJqSF1i8hTOhIK723z+jBngqT7iIv7zF0RT7dVfJPkpEVkTYLJgoVitwMUXwTxQpzFJG3JDI5ErlSRNiSMuO1a5EWFv19OmYgzQBnaSKOKxBl7RL9QRmkxomDyIZC+J5a4pzxD6XXpBPjIqhID1NVVYZ2HTnzltwkBqOpRD5oPpehCqvC1WH3P+iZAsNZLyKnpiwBmPeLyUxD8NB7F8s+W6l9sKxJGRk2bYDDiA5Imh4iLKqJ3ff9QX0q0UJjLVpneuq7xEchxleYBgV2vKSK7hSqtod5sGswaVfqadwpIzED0qB7Y6Ltj+8m+s\/oChNGIDjMUTf1mtJJQcHjoXHRqqClq9Qj8yIUxHOboWV\/6KlVftUDSAGMsPdr1BPPZ+y40f3Cee3XoVZRt7cItrrb07MSn21eCePo3EvacUC30SqjBJnZ9RyEJXjBgkFJgQGL0BcVmAUYNpZaCshD3gwdqDrBCOEdVEjBLHabRcGMVoHBEqCrrqqMyz3BBh+T0HY25x9H0iWtyi7eQVSlvKWedosiRE7ZvBdJJ4rcC6XaIfxVIz+b8qUD6TYnvCqR3UflNIH0K8zOB9Fe7uRVI3xriSeD\/LPt\/lq1PPTriBf0XmFqkHjGvVvsAAAAGYktHRAD\/AP8A\/6C9p5MAAAAJcEhZcwAADsMAAA7DAcdvqGQAAAAHdElNRQfjBAoPLTdV8j31AAABaElEQVRo3u2ZP26DMBjF7aSCpiW9AFIHNoi4Qa9AVrYcAZEoCDEwewE8homBhTOwtwsz5BYdqiapiErdiVQ0W1sJ3Hxvw8LS+9nfA\/9BjDHEs0aIcwEAAFw6wNX3BsuyJq7rHoZq2Pf96yRJ6vYZM8YQxhghhJBt23eO47wMfdSjKJLCMNx3ADabDZ7P5x+8lE6WZaP1es1OGSiKYspT7ZdlOe2EuKoqgSeA7XYrdELcNM3ZS57n3aRp+ta32cViMSGEdD4srV\/4DwAAAAAAAADA\/1pO\/5UMw5COx6P0w+4MIfSc5\/l7bwBxHL\/+pn9d1w+KojxxW0KiKD5CiAEAAAAAAAAAAPqSaZr3vS7mZFnGUEIXtR8QhPOTRULIgRAySOOt39MM6Lpe8zTys9ms7gCoqrrjCUDTtF0HYLlcsiAIJB7Mh2F4u1qt2FmIKaV7Sul4yOYppeMoir5OquGmHgAAgG9h3kP8Cbu0bHH\/qfIIAAAAAElFTkSuQmCC\" \/><\/div>\n<div><\/div>\n<div id=\"dpahahyoutubeVideoPipContainer\" class=\"youtubeVideoPipScaleup\" style=\"z-index: 1104; display: none;\"><img decoding=\"async\" id=\"youtubeVideoPipIcon\" src=\"data:image\/png;base64,iVBORw0KGgoAAAANSUhEUgAAADAAAAAwCAYAAABXAvmHAAAMznpUWHRSYXcgcHJvZmlsZSB0eXBlIGV4aWYAAHja7Vpblusgrv3XKHoIiJdgODzXujO4w+8tcFJ5V1I5n51UxTa2BWhLWxI2jf\/\/v0n\/wSc6E8kHSTHHaPDx2WdbsJPM\/uwtG79+18cdp3B81U7nExZN7ufKOI7rC9rDzw3ij\/Z63U7SDjnpEHScOAl02rPFznFdOgQ5u9v5OKZ83Ff8xXSO\/zaWCMOH0NtjL1BGD2h0luxwaMev114cRuCyK9h6\/OoZbRHsexfwG1x4rDs6794o77x3oztTjnZ3rQoy8bgg3ujoaOfwWHdLQ5cj4p+er06kymIuPxe6m7OnOceeXfERmop0TOo0lbWHCytU6dZtEV\/Bf8C+rG\/GN2GKDYh1oFnxbcSZLXQ62XPnwpPH2jZuGKK3wwq21jbrVltyYrNtCxSvX55WAE8nl4BVA2oOzfY8Fl795tVf44SeO+NKyxDGuOPuS48a\/\/I9C5pTTZfZpLOuMC6rBohhKHL6i6sACM9Dp2Hpd33pwm7MBbAOCIal5oQJFlO3iBr4x7bcwtnhumA8me0aLP0QABWh74DBsAMCJrILHNmItcIMPSbgUzBy67ytQIBDsJ1pAhvnIsBJVvvGPcLrWhvsbga1LAeJcJWkDgSwvA+wH\/EJNlTgN55CCDFISCGHEl30McQYJSpHFXHiJUgUkSRZSnLJp5BikpRSTiXb7EBhIccslFPOuRR0WiC64O6CK0qptrrqa6ixSk0119JgPs230GKTllpupdvuOty\/xy7UU8+9DB4wpeFHGHHISCOPMmFr000\/w4xTZpp5ljNqB6rXqPENcq9R4wM1Rcyv6+QHNTSLnESw0klQzICY9QzERRGAQVvFzCT23ipyipnJFk4RLFDjoOB0VsSAoB9sw+Qzdj\/IvcSNgv8IN\/sMOVLo\/gVypNAdyN3j9gC1XlZEcQsg9ULVqXETxNb1rKtz+DxinnDIGTmAArEHPdQw4U7SnR5XLzJbdk0PR4OLaOvA+CnWEQEv4lrB39+39NcbZ5E5Yxo6omwlkx5jeilEDLYzHFla4wDVzNEZ07Z+Or8mXE1p62rAEsrMgFD3VTJGdNr5dvuuIDcWDFeo4HijgtGCRi5huQIFaGxYFJRYW5yY8jClO2leQFEdJor40a1PoBFEB5hELQmhohSpJcOKIjIBrg4hcCaZsMxYq0vwmhi0Ax6tzxb77GMdx1g7Qbe2wo8ajL5EX2GfdrKr1bfoTbToDgMJ3BvGX0Ln2WyPDvzZa28dhi9mABYQW0uZs15uYYnGdVvj+Fzb9DlMiKUt9MFcZ5cZQiqj9AjLjj51MJXG7ooYg+japNo8Awe4IOI74ngZFbFcau8MwrFwxxiqiI\/Z+Ii\/1sgPnyx8m0cOKcMQy0x9IgGImV1MMMIaoFqY9GA\/Dayg9wibBowWCneFYZtJKiGpVSqwPufhJGma0opH2mZbc0g4m2h66fqslw5x7w8kKc+EYQxbQ4fpK49Z34afrRiZEgBtda+FoP9BycM67LLO0I1u7VJLtIF90JwVumranuoMreZp5sgO+uvFi6ktTZeAPGXPSEGhe9zqOiw8Y4JJhosYq\/O5zjQQnlv1GSyclLGt19CQW2bIgm7R75jkkPq3ofyE4I\/5Le82oMiuezDyZbsDvAzngcFDpeo0PIuT2WfOa6JpELJdgbl+LY62vO\/F0eXwvhFH97P9mzh6prxPxdFrLN4XR+9A+444et9SXoujTw3vmTj6mx3fi6OXWIAPlGvGcmr4GahgEcBoEymJBGRGYMQWwIuUkFn03mbpEFHD4fLc3GzB1azByrSA9CZFa\/qwSEowtiaItMhwQJM2SyhFGVIDkVZtE6OvrYMkF\/W5NE3qIB8QM34H8iNbh5gufsSZ3Rw1pzli1OiZKv2S0gyjtReOGvhlEZp4DDYFWQrZ6QE4zNPKEDTz2RnCzg9wPThuuAbZo0LS8Ctst3CK4KnNpJq3doQlEgGyl50sgSJBdpIQrgeqCrP7r8dZr3MGlH7dlhnpq3Yy+sJRfW1rTedlOSNAD8ScfdJG5EFD3suY6IMUq9Y6DSyjJS5xmcxMawuGjlQRQsZAorFGYU0ES2PECKMTufpKzUo5ZWkOmmlLMync4EkLUGjFzfCDaB0r63l206N7aJtBm89TqAsr2DZwaQHn9JAe54cbf3WTtqzrtQ1AJZaWGWwbeGQBG\/9r9A\/sVfxCH75dJp2w1wh7gf5n2GNLn2IPZ9nob+wV+QU8Hchf4a6F9jPkVR+PYKQn2L+86f4epH732P+NAdRF\/L9gANo9fM8ApBTwLxiAPiyynjIAnQ3hSwagp4h+yAD0Ewi+YwB6XiF+xgBqR\/ZfMABdYv9HBhgNwKA4RlINxKAZi7iM2IzqgX3W4qUEGyMiNYqvgsuBGGrNMtE6U0Chsx2GpxRZyagqZlhbM8++fW14QS8oTU30q6W4aAtSEszcNQWLgxswKYiWctjR3AqGpA138LOsugMojrycQSbPnY+UqcXjrbS1pLEEnkelBHJIOslZUrS4fSLlGNNaG\/kXY6JD4Ndj2jTyM6ZsUEXnLsEP0yGn343Hl5gDOM4uf+B2eCk9dNPBr8heBcCLD9Nu0w3HcJGWCqs1hqmrFsUOvyz0KPZmX+5TBsrFnNUCpt52fxe9uk35w\/1ehsa0fY3HZuxViVoOY75eu0J9rQ87AMq0yvADcrIh7bZyPLmNc8Memqk57g5mPBJo1zWtHkoWujqwHCSMseEv7ILm3pORTA+P8ld7mciKpyb1SmCTMaOWYmQ9I+tMLtBzbj\/LFPR4taiDWOLSBwhjWhT9ozGUBDLpqSh5LtVeXEMPL\/pgqS3FsiyFnuWEnwYE+iS9exUQ6EVe8FFAoGc54acBgZ7lhJ8GBHqWE34aEG5TvxniIm4VexC3pjuLus\/Evaz05iq6v+z99TbQUTnZCD3KHi\/o6KGNPSIk2g66yUUddC+lXtHSZpc7Srq+j3698ZKUTpR0EBLGd6YkQvMipMulsTC2Db1aud2UpGRoZdPI5qXHtHSQknaySOmKkow5SGlREs0zIYEr7QZ0k5IquIat4Hti0rNynFVyoit2ek1OK5N9Rk50sNOLi94jJ7pipxdFy281C71btPxWs9C7RctvNQt9smzxqmahT5YtXtUs9Mmyxauahd5MXDtwEqh2mbTHSOMQuJkvXOExnCO1XkwINYYQY2+hc7UiznBCmjRg\/XVpbRk3qysbWU0ydO1aF70wRV26ItbJqKLXipoCpStqTXO4nOqxosa\/C6O1EPYPhNFpaN8Ko8t5fiOMbpX2ljABDmBMJK8j87DSxRLXXm1VxxnWAzx9aJrZsNKO63AQXvWHs8djmmfOS3+LGfchg\/4WM+5DBv0lZoxki++pXjo4wcPlF\/\/mMIFNxhalgLNNH4Mna8W6EaybFUTaUUHyDOm8Qns8kfGu4j7o04EBQ\/GIMj5ll7LJGQfwoJAkGun+\/ECGTIYH6rIw8JRkp\/gcPLCzzEDRauqaHQgNqQPCnfO6AL2XnpsWQUfinOJpYXyWY+lZ1kq2puMr\/7G8V7LHsZIN2ljr2HfiaMv7XhxdDu8bcXQ\/27+Jo2fK+1QcPVPep+LoNRbvi6N3oH1HHL1vKa\/F0aeG90wc\/c2O78Wtp1lyeiLDYNekj0JRCZusrtWixOxrctwq3C81w70j5Ib9MEYfvm5\/pwEe4ZSiNOue0dbgVMdN2R4xtASWDiAohNZM6AlENBERGjh4aLKJqSF1i8hTOhIK723z+jBngqT7iIv7zF0RT7dVfJPkpEVkTYLJgoVitwMUXwTxQpzFJG3JDI5ErlSRNiSMuO1a5EWFv19OmYgzQBnaSKOKxBl7RL9QRmkxomDyIZC+J5a4pzxD6XXpBPjIqhID1NVVYZ2HTnzltwkBqOpRD5oPpehCqvC1WH3P+iZAsNZLyKnpiwBmPeLyUxD8NB7F8s+W6l9sKxJGRk2bYDDiA5Imh4iLKqJ3ff9QX0q0UJjLVpneuq7xEchxleYBgV2vKSK7hSqtod5sGswaVfqadwpIzED0qB7Y6Ltj+8m+s\/oChNGIDjMUTf1mtJJQcHjoXHRqqClq9Qj8yIUxHOboWV\/6KlVftUDSAGMsPdr1BPPZ+y40f3Cee3XoVZRt7cItrrb07MSn21eCePo3EvacUC30SqjBJnZ9RyEJXjBgkFJgQGL0BcVmAUYNpZaCshD3gwdqDrBCOEdVEjBLHabRcGMVoHBEqCrrqqMyz3BBh+T0HY25x9H0iWtyi7eQVSlvKWedosiRE7ZvBdJJ4rcC6XaIfxVIz+b8qUD6TYnvCqR3UflNIH0K8zOB9Fe7uRVI3xriSeD\/LPt\/lq1PPTriBf0XmFqkHjGvVvsAAAAGYktHRAD\/AP8A\/6C9p5MAAAAJcEhZcwAADsMAAA7DAcdvqGQAAAAHdElNRQfjBAoPLTdV8j31AAABaElEQVRo3u2ZP26DMBjF7aSCpiW9AFIHNoi4Qa9AVrYcAZEoCDEwewE8homBhTOwtwsz5BYdqiapiErdiVQ0W1sJ3Hxvw8LS+9nfA\/9BjDHEs0aIcwEAAFw6wNX3BsuyJq7rHoZq2Pf96yRJ6vYZM8YQxhghhJBt23eO47wMfdSjKJLCMNx3ADabDZ7P5x+8lE6WZaP1es1OGSiKYspT7ZdlOe2EuKoqgSeA7XYrdELcNM3ZS57n3aRp+ta32cViMSGEdD4srV\/4DwAAAAAAAADA\/1pO\/5UMw5COx6P0w+4MIfSc5\/l7bwBxHL\/+pn9d1w+KojxxW0KiKD5CiAEAAAAAAAAAAPqSaZr3vS7mZFnGUEIXtR8QhPOTRULIgRAySOOt39MM6Lpe8zTys9ms7gCoqrrjCUDTtF0HYLlcsiAIJB7Mh2F4u1qt2FmIKaV7Sul4yOYppeMoir5OquGmHgAAgG9h3kP8Cbu0bHH\/qfIIAAAAAElFTkSuQmCC\" \/><\/div>\n<\/div><\/div><\/div><\/div><\/div><div class=\"vc_col-sm-6 wpb_column vc_column_container\"><div class=\"vc_column-inner\"><div class=\"wpb_wrapper\"><div class=\"wpb_text_column\" ><div class=\"wpb_wrapper\"><h2 id=\"heading__Datenschutzerklaerung_\">Datenschutzerkl\u00e4rung<\/h2>\n<p>Der Schutz Ihrer pers\u00f6nlichen Daten ist uns ein besonderes Anliegen. Wir verarbeiten Ihre Daten daher ausschlie\u00dflich auf Grundlage der gesetzlichen Bestimmungen (DSGVO, TKG 2003). In diesen Datenschutzinformationen informieren wir Sie \u00fcber die wichtigsten Aspekte der Datenverarbeitung im Rahmen unserer Website.<\/p>\n<h4 id=\"heading_Kontakt_mit_uns\">Kontakt mit uns<\/h4>\n<p>Wenn Sie per E-Mail Kontakt mit uns aufnehmen, werden Ihre angegebenen Daten zwecks Bearbeitung der Anfrage und f\u00fcr den Fall von Anschlussfragen sechs Monate bei uns gespeichert. Diese Daten geben wir nicht ohne Ihre Einwilligung weiter.<\/p>\n<h4 id=\"heading_Cookies\">Cookies<\/h4>\n<p>Unsere Website verwendet so genannte Cookies. Dabei handelt es sich um kleine Textdateien, die mit Hilfe des Browsers auf Ihrem Endger\u00e4t abgelegt werden. Sie richten keinen Schaden an.<\/p>\n<p>Wir nutzen Cookies dazu, unser Angebot nutzerfreundlich zu gestalten. Einige Cookies bleiben auf Ihrem Endger\u00e4t gespeichert, bis Sie diese l\u00f6schen. Sie erm\u00f6glichen es uns, Ihren Browser beim n\u00e4chsten Besuch wiederzuerkennen.<\/p>\n<p>Wenn Sie dies nicht w\u00fcnschen, so k\u00f6nnen Sie Ihren Browser so einrichten, dass er Sie \u00fcber das Setzen von Cookies informiert und Sie dies nur im Einzelfall erlauben.<\/p>\n<p>Bei der Deaktivierung von Cookies kann die Funktionalit\u00e4t unserer Website eingeschr\u00e4nkt sein.<\/p>\n<h4 id=\"heading_Sie_erreichen_uns_unter_folgenden_Kontaktdaten_\">Sie erreichen uns unter folgenden Kontaktdaten:<\/h4>\n<p>B\u00e4ckerei Hagmann<br \/>\nBes. Brigitte Schipflinger<br \/>\nA-6353 Going am Wilden Kaiser<br \/>\nDorfstra\u00dfe 31<br \/>\nTelefon: +43 5358 2445<br \/>\nFax: +43 5358 44224<br \/>\nwww.goingback.at<br \/>\n<a href=\"mailto:brot@goingback.at\">brot@goingback.at<\/a><\/p>\n<\/div><\/div><div class=\"w-separator size_custom\" style=\"height:300px\"><\/div><\/div><\/div><\/div><\/div><\/div><\/div><\/div><\/div><\/div><\/section><!-- Row Backgrounds --><div class=\"upb_grad\" data-grad=\"background: url(data:image\/svg+xml;base64,PHN2ZyB4bWxucz0iaHR0cDovL3d3dy53My5vcmcvMjAwMC9zdmciPjxkZWZzPjxsaW5lYXJHcmFkaWVudCBpZD0iZ3JhZGllbnQiIHgxPSIwJSIgeTE9IjAlIiB4Mj0iMCUiIHkyPSIxMDAlIj48c3RvcCBvZmZzZXQ9IjAlIiBzdHlsZT0ic3RvcC1jb2xvcjojRjNFNUQ1OyIgLz48c3RvcCBvZmZzZXQ9IjEwMCUiIHN0eWxlPSJzdG9wLWNvbG9yOiNEN0E5NzU7IiAvPjwvbGluZWFyR3JhZGllbnQ+PC9kZWZzPjxyZWN0IGZpbGw9InVybCgjZ3JhZGllbnQpIiBoZWlnaHQ9IjEwMCUiIHdpZHRoPSIxMDAlIiAvPjwvc3ZnPg==);background: -webkit-gradient(linear, left top, left bottom, color-stop(0%, #F3E5D5), color-stop(100%, #D7A975));background: -moz-linear-gradient(left,#F3E5D5 0%,#D7A975 100%);background: -webkit-linear-gradient(left,#F3E5D5 0%,#D7A975 100%);background: -o-linear-gradient(left,#F3E5D5 0%,#D7A975 100%);background: -ms-linear-gradient(left,#F3E5D5 0%,#D7A975 100%);background: linear-gradient(left,#F3E5D5 0%,#D7A975 100%);\" data-bg-override=\"browser_size\" data-upb-overlay-color=\"\" data-upb-bg-animation=\"\" data-fadeout=\"\" data-fadeout-percentage=\"30\" data-parallax-content=\"\" data-parallax-content-sense=\"30\" data-row-effect-mobile-disable=\"true\" data-img-parallax-mobile-disable=\"true\" data-rtl=\"false\"  data-custom-vc-row=\"\"  data-vc=\"6.4.1\"  data-is_old_vc=\"\"  data-theme-support=\"\"   data-overlay=\"false\" data-overlay-color=\"\" data-overlay-pattern=\"\" data-overlay-pattern-opacity=\"\" data-overlay-pattern-size=\"\"    ><\/div>\n","protected":false},"excerpt":{"rendered":"Impressum Informationseigent\u00fcmer: Goinger B\u00e4ck GmbH GF Sandro Schipflinger A-6353 Going am Wilden Kaiser Dorfstra\u00dfe 31 Telefon: +43 5358 2445 Fax: +43 5358 44224 www.goingback.at brot@goingback.at Konzept &amp; Design: Andreas L. Obernauer Hornweg 36 A-6370 Kitzb\u00fchel Telefon: +43 5356 63096 0 Fax: +43 5356 72679 andreas@obernauer.at www.obernauer.at Fotonachweis: Andreas L. Obernauer, Kitzb\u00fchel Familie Schipflinger Fotostock.com &nbsp;...","protected":false},"author":1,"featured_media":0,"parent":0,"menu_order":0,"comment_status":"closed","ping_status":"closed","template":"","meta":{"footnotes":""},"_links":{"self":[{"href":"https:\/\/www.goingback.at\/index.php?rest_route=\/wp\/v2\/pages\/245"}],"collection":[{"href":"https:\/\/www.goingback.at\/index.php?rest_route=\/wp\/v2\/pages"}],"about":[{"href":"https:\/\/www.goingback.at\/index.php?rest_route=\/wp\/v2\/types\/page"}],"author":[{"embeddable":true,"href":"https:\/\/www.goingback.at\/index.php?rest_route=\/wp\/v2\/users\/1"}],"replies":[{"embeddable":true,"href":"https:\/\/www.goingback.at\/index.php?rest_route=%2Fwp%2Fv2%2Fcomments&post=245"}],"version-history":[{"count":16,"href":"https:\/\/www.goingback.at\/index.php?rest_route=\/wp\/v2\/pages\/245\/revisions"}],"predecessor-version":[{"id":555,"href":"https:\/\/www.goingback.at\/index.php?rest_route=\/wp\/v2\/pages\/245\/revisions\/555"}],"wp:attachment":[{"href":"https:\/\/www.goingback.at\/index.php?rest_route=%2Fwp%2Fv2%2Fmedia&parent=245"}],"curies":[{"name":"wp","href":"https:\/\/api.w.org\/{rel}","templated":true}]}}