{"id":13,"date":"2018-05-09T12:55:10","date_gmt":"2018-05-09T12:55:10","guid":{"rendered":"http:\/\/www.goingback.at\/?page_id=13"},"modified":"2023-08-25T13:12:23","modified_gmt":"2023-08-25T13:12:23","slug":"home","status":"publish","type":"page","link":"https:\/\/www.goingback.at\/","title":{"rendered":"Home"},"content":{"rendered":"<section class=\"l-section wpb_row height_auto width_full\"><div class=\"l-section-h i-cf\"><div class=\"g-cols vc_row type_default valign_top\"><div class=\"vc_col-sm-12 wpb_column vc_column_container\"><div class=\"vc_column-inner\"><div class=\"wpb_wrapper\">[rev_slider_vc alias=&#8220;titelseite&#8220;]<\/div><\/div><\/div><\/div><\/div><\/section><section class=\"l-section wpb_row height_medium with_img\"><div class=\"l-section-img\" style=\"background-image: url(https:\/\/www.goingback.at\/wp-content\/uploads\/2023\/08\/AdobeStock_621662643.png);\" data-img-width=\"4472\" data-img-height=\"3354\"><\/div><div class=\"l-section-h i-cf\"><div class=\"g-cols vc_row type_default valign_top\"><div class=\"vc_col-sm-6 wpb_column vc_column_container\"><div class=\"vc_column-inner\"><div class=\"wpb_wrapper\"><div class=\"wpb_text_column\" ><div class=\"wpb_wrapper\"><h1><strong>Willkommen beim GOINGER B\u00c4CK in Going am Wilden Kaiser<\/strong><\/h1>\n<p>Bei uns wird seit \u00fcber 100 Jahren Brot gebacken und die Tradition des B\u00e4ckerhandwerks gelebt. Wir, die Familie Schipflinger, produzieren einzigartige Brotsorten, gebacken nach alten und neuen Rezepten, mit heimischen nat\u00fcrlichen Rohstoffen. Kommen Sie gerne vorbei und probieren Sie unser breites Brotsortiment.<\/p>\n<\/div><\/div><div class=\"w-btn-wrapper width_auto align_left\"><a class=\"w-btn us-btn-style_1 us_custom_972c33a7\" href=\"https:\/\/goo.gl\/maps\/39pHFA5tShMka3TU8\"><span class=\"w-btn-label\">Kontakt<\/span><\/a><\/div><\/div><\/div><\/div><div class=\"vc_col-sm-6 wpb_column vc_column_container\"><div class=\"vc_column-inner\"><div class=\"wpb_wrapper\"><div class=\"w-image align_none\"><a href=\"https:\/\/www.goingback.at\/wp-content\/uploads\/2018\/09\/1_IMG_7314.jpg\" ref=\"magnificPopup\" aria-label=\"Link\" class=\"w-image-h\"><img width=\"1024\" height=\"729\" src=\"https:\/\/www.goingback.at\/wp-content\/uploads\/2018\/09\/1_IMG_7314-1024x729.jpg\" class=\"attachment-large size-large\" alt=\"\" decoding=\"async\" loading=\"lazy\" srcset=\"https:\/\/www.goingback.at\/wp-content\/uploads\/2018\/09\/1_IMG_7314-1024x729.jpg 1024w, https:\/\/www.goingback.at\/wp-content\/uploads\/2018\/09\/1_IMG_7314-300x214.jpg 300w, https:\/\/www.goingback.at\/wp-content\/uploads\/2018\/09\/1_IMG_7314-600x427.jpg 600w, https:\/\/www.goingback.at\/wp-content\/uploads\/2018\/09\/1_IMG_7314.jpg 1800w\" sizes=\"(max-width: 1024px) 100vw, 1024px\" \/><\/a><\/div><\/div><\/div><\/div><\/div><\/div><\/section><section class=\"l-section wpb_row us_custom_33fe73d0 height_medium\"><div class=\"l-section-h i-cf\"><div class=\"g-cols vc_row type_default valign_top\"><div class=\"vc_col-sm-12 wpb_column vc_column_container\"><div class=\"vc_column-inner\"><div class=\"wpb_wrapper\"><div class=\"w-separator size_small with_line width_default thick_1 style_solid color_border align_center\"><div class=\"w-separator-h\"><\/div><\/div><div class=\"wpb_text_column\" ><div class=\"wpb_wrapper\"><h2 style=\"text-align: center;\"><strong>Unsere Leistungen f\u00fcr Sie im \u00dcberblick<\/strong><\/h2>\n<\/div><\/div><\/div><\/div><\/div><\/div><\/div><\/section><section class=\"l-section wpb_row height_medium\"><div class=\"l-section-h i-cf\"><div class=\"g-cols vc_row type_default valign_top\"><div class=\"vc_col-sm-3 wpb_column vc_column_container\"><div class=\"vc_column-inner\"><div class=\"wpb_wrapper\"><div class=\"w-image align_none\"><a href=\"http:\/\/www.goingback.at\/?page_id=64\" aria-label=\"Link\" class=\"w-image-h\"><img width=\"600\" height=\"600\" src=\"https:\/\/www.goingback.at\/wp-content\/uploads\/2018\/09\/5_IMG_5225-600x600.jpg\" class=\"attachment-us_600_600_crop size-us_600_600_crop\" alt=\"\" decoding=\"async\" loading=\"lazy\" srcset=\"https:\/\/www.goingback.at\/wp-content\/uploads\/2018\/09\/5_IMG_5225-600x600.jpg 600w, https:\/\/www.goingback.at\/wp-content\/uploads\/2018\/09\/5_IMG_5225-150x150.jpg 150w, https:\/\/www.goingback.at\/wp-content\/uploads\/2018\/09\/5_IMG_5225-350x350.jpg 350w, https:\/\/www.goingback.at\/wp-content\/uploads\/2018\/09\/5_IMG_5225-300x300.jpg 300w\" sizes=\"(max-width: 600px) 100vw, 600px\" \/><\/a><\/div><div class=\"wpb_text_column us_custom_cbbc9e82\" ><div class=\"wpb_wrapper\"><p style=\"text-align: center;\"><a href=\"http:\/\/www.goingback.at\/?page_id=64\"><strong>Fr\u00fchst\u00fcck und Caf\u00e9<\/strong><\/a><\/p>\n<\/div><\/div><\/div><\/div><\/div><div class=\"vc_col-sm-3 wpb_column vc_column_container\"><div class=\"vc_column-inner\"><div class=\"wpb_wrapper\"><div class=\"w-image align_none\"><a href=\"http:\/\/www.goingback.at\/?page_id=22\" aria-label=\"Link\" class=\"w-image-h\"><img width=\"600\" height=\"600\" src=\"https:\/\/www.goingback.at\/wp-content\/uploads\/2023\/08\/Going_Handwerk_Baecker_Sandro_Schipflinger_Sommer2019_Martin_Lifka-13-600x600.jpg\" class=\"attachment-us_600_600_crop size-us_600_600_crop\" alt=\"\" decoding=\"async\" loading=\"lazy\" srcset=\"https:\/\/www.goingback.at\/wp-content\/uploads\/2023\/08\/Going_Handwerk_Baecker_Sandro_Schipflinger_Sommer2019_Martin_Lifka-13-600x600.jpg 600w, https:\/\/www.goingback.at\/wp-content\/uploads\/2023\/08\/Going_Handwerk_Baecker_Sandro_Schipflinger_Sommer2019_Martin_Lifka-13-150x150.jpg 150w, https:\/\/www.goingback.at\/wp-content\/uploads\/2023\/08\/Going_Handwerk_Baecker_Sandro_Schipflinger_Sommer2019_Martin_Lifka-13-350x350.jpg 350w, https:\/\/www.goingback.at\/wp-content\/uploads\/2023\/08\/Going_Handwerk_Baecker_Sandro_Schipflinger_Sommer2019_Martin_Lifka-13-280x280.jpg 280w\" sizes=\"(max-width: 600px) 100vw, 600px\" \/><\/a><\/div><div class=\"wpb_text_column us_custom_cbbc9e82\" ><div class=\"wpb_wrapper\"><p style=\"text-align: center;\"><a href=\"http:\/\/www.goingback.at\/?page_id=22\"><b>Brotsortiment<\/b><\/a><\/p>\n<\/div><\/div><\/div><\/div><\/div><div class=\"vc_col-sm-3 wpb_column vc_column_container\"><div class=\"vc_column-inner\"><div class=\"wpb_wrapper\"><div class=\"w-image align_none\"><a href=\"http:\/\/www.goingback.at\/?page_id=60\" aria-label=\"Link\" class=\"w-image-h\"><img width=\"600\" height=\"600\" src=\"https:\/\/www.goingback.at\/wp-content\/uploads\/2018\/05\/partybreze-600x600.jpg\" class=\"attachment-us_600_600_crop size-us_600_600_crop\" alt=\"\" decoding=\"async\" loading=\"lazy\" srcset=\"https:\/\/www.goingback.at\/wp-content\/uploads\/2018\/05\/partybreze-600x600.jpg 600w, https:\/\/www.goingback.at\/wp-content\/uploads\/2018\/05\/partybreze-150x150.jpg 150w, https:\/\/www.goingback.at\/wp-content\/uploads\/2018\/05\/partybreze-350x350.jpg 350w\" sizes=\"(max-width: 600px) 100vw, 600px\" \/><\/a><\/div><div class=\"wpb_text_column us_custom_cbbc9e82\" ><div class=\"wpb_wrapper\"><p style=\"text-align: center;\"><a href=\"http:\/\/www.goingback.at\/?page_id=64\"><strong>Feste und Party<\/strong><\/a><\/p>\n<\/div><\/div><\/div><\/div><\/div><div class=\"vc_col-sm-3 wpb_column vc_column_container\"><div class=\"vc_column-inner\"><div class=\"wpb_wrapper\"><div class=\"w-image align_none\"><a href=\"http:\/\/www.goingback.at\/?page_id=62\" aria-label=\"Link\" class=\"w-image-h\"><img width=\"600\" height=\"600\" src=\"https:\/\/www.goingback.at\/wp-content\/uploads\/2018\/05\/impressum_IMG_1064-600x600.jpg\" class=\"attachment-us_600_600_crop size-us_600_600_crop\" alt=\"\" decoding=\"async\" loading=\"lazy\" srcset=\"https:\/\/www.goingback.at\/wp-content\/uploads\/2018\/05\/impressum_IMG_1064-600x600.jpg 600w, https:\/\/www.goingback.at\/wp-content\/uploads\/2018\/05\/impressum_IMG_1064-150x150.jpg 150w, https:\/\/www.goingback.at\/wp-content\/uploads\/2018\/05\/impressum_IMG_1064-350x350.jpg 350w\" sizes=\"(max-width: 600px) 100vw, 600px\" \/><\/a><\/div><div class=\"wpb_text_column us_custom_cbbc9e82\" ><div class=\"wpb_wrapper\"><p style=\"text-align: center;\"><a href=\"http:\/\/www.goingback.at\/?page_id=62\"><b>Bringservice<\/b><\/a><\/p>\n<\/div><\/div><\/div><\/div><\/div><\/div><\/div><\/section><section class=\"l-section wpb_row us_custom_33fe73d0 height_medium\"><div class=\"l-section-h i-cf\"><div class=\"g-cols vc_row type_default valign_top\"><div class=\"vc_col-sm-12 wpb_column vc_column_container\"><div class=\"vc_column-inner\"><div class=\"wpb_wrapper\"><div class=\"w-separator size_small with_line width_default thick_1 style_solid color_border align_center\"><div class=\"w-separator-h\"><\/div><\/div><\/div><\/div><\/div><\/div><\/div><\/section><section class=\"l-section wpb_row us_custom_33fe73d0 height_medium\"><div class=\"l-section-h i-cf\"><div class=\"g-cols vc_row type_default valign_top\"><div class=\"vc_col-sm-12 wpb_column vc_column_container\"><div class=\"vc_column-inner\"><div class=\"wpb_wrapper\"><div class=\"w-separator size_small\"><\/div><div class=\"w-separator size_small\"><\/div><\/div><\/div><\/div><\/div><\/div><\/section><section class=\"l-section wpb_row height_medium with_img parallax_fixed\"><div class=\"l-section-img\" style=\"background-image: url(https:\/\/www.goingback.at\/wp-content\/uploads\/2023\/08\/Going_Handwerk_Baecker_Sandro_Schipflinger_Sommer2019_Martin_Lifka-14.jpg);\" data-img-width=\"2000\" data-img-height=\"1335\"><\/div><div class=\"l-section-h i-cf\"><div class=\"g-cols vc_row type_default valign_top\"><div class=\"vc_col-sm-12 wpb_column vc_column_container\"><div class=\"vc_column-inner\"><div class=\"wpb_wrapper\"><div class=\"wpb_text_column us_custom_63a95d1f\" ><div class=\"wpb_wrapper\"><h2 style=\"color: #fffff;\"><span style=\"color: #ffffff;\">So erreichen Sie uns:<\/span><\/h2>\n<p><span style=\"color: #ffffff;\">Telefon: <span style=\"text-decoration: underline;\"><a style=\"color: #ffffff; text-decoration: underline;\" href=\"tel:+ 43 5358 2445\">+ 43 5358 2445<\/a><\/span><\/span><br \/>\n<span style=\"color: #ffffff;\">E-Mail: <span style=\"text-decoration: underline;\"><a style=\"color: #ffffff; text-decoration: underline;\" href=\"mailto:brot@goingback.at\">brot@goingback.at<\/a><\/span><\/span><\/p>\n<\/div><\/div><\/div><\/div><\/div><\/div><\/div><\/section><section class=\"l-section wpb_row height_medium with_img\"><div class=\"l-section-img\" style=\"background-image: url(https:\/\/www.goingback.at\/wp-content\/uploads\/2023\/08\/AdobeStock_621662643.png);\" data-img-width=\"4472\" data-img-height=\"3354\"><\/div><div class=\"l-section-h i-cf\"><div class=\"g-cols vc_row type_default valign_top\"><div class=\"vc_col-sm-12 wpb_column vc_column_container\"><div class=\"vc_column-inner\"><div class=\"wpb_wrapper\">[vc_raw_html]JTNDaWZyYW1lJTIwc3JjJTNEJTIyaHR0cHMlM0ElMkYlMkZ3d3cuZ29vZ2xlLmNvbSUyRm1hcHMlMkZlbWJlZCUzRnBiJTNEJTIxMW0xOCUyMTFtMTIlMjExbTMlMjExZDI2OTQuNzIwNTI1NTM4MDIwNCUyMTJkMTIuMzI4MzkwNTc2NzI5MzYyJTIxM2Q0Ny41MTQ4MzM2OTQzMDk0MyUyMTJtMyUyMTFmMCUyMTJmMCUyMTNmMCUyMTNtMiUyMTFpMTAyNCUyMTJpNzY4JTIxNGYxMy4xJTIxM20zJTIxMW0yJTIxMXMweDQ3NzY0OTM1ZjI0Yzg4OTUlMjUzQTB4OTY0MTc4NDlkMWU0OGQzNiUyMTJzR29pbmdlciUyNTIwQiUyNUMzJTI1QTRjayUyNTIwR21iSCUyMTVlMCUyMTNtMiUyMTFzZGUlMjEyc2F0JTIxNHYxNjkyODgxMDEyNjgwJTIxNW0yJTIxMXNkZSUyMTJzYXQlMjIlMjB3aWR0aCUzRCUyMjEwMCUyNSUyMiUyMGhlaWdodCUzRCUyMjQ1MCUyMiUyMHN0eWxlJTNEJTIyYm9yZGVyJTNBMCUzQiUyMiUyMGFsbG93ZnVsbHNjcmVlbiUzRCUyMiUyMiUyMGxvYWRpbmclM0QlMjJsYXp5JTIyJTIwcmVmZXJyZXJwb2xpY3klM0QlMjJuby1yZWZlcnJlci13aGVuLWRvd25ncmFkZSUyMiUzRSUzQyUyRmlmcmFtZSUzRQ==[\/vc_raw_html]<\/div><\/div><\/div><\/div><\/div><\/section>\n","protected":false},"excerpt":{"rendered":"[rev_slider_vc alias=\"titelseite\"] Willkommen beim GOINGER B\u00c4CK in Going am Wilden Kaiser Bei uns wird seit \u00fcber 100 Jahren Brot gebacken und die Tradition des B\u00e4ckerhandwerks gelebt. Wir, die Familie Schipflinger, produzieren einzigartige Brotsorten, gebacken nach alten und neuen Rezepten, mit heimischen nat\u00fcrlichen Rohstoffen. Kommen Sie gerne vorbei und probieren Sie unser breites Brotsortiment. Kontakt Unsere...","protected":false},"author":1,"featured_media":0,"parent":0,"menu_order":0,"comment_status":"closed","ping_status":"closed","template":"","meta":{"footnotes":""},"_links":{"self":[{"href":"https:\/\/www.goingback.at\/index.php?rest_route=\/wp\/v2\/pages\/13"}],"collection":[{"href":"https:\/\/www.goingback.at\/index.php?rest_route=\/wp\/v2\/pages"}],"about":[{"href":"https:\/\/www.goingback.at\/index.php?rest_route=\/wp\/v2\/types\/page"}],"author":[{"embeddable":true,"href":"https:\/\/www.goingback.at\/index.php?rest_route=\/wp\/v2\/users\/1"}],"replies":[{"embeddable":true,"href":"https:\/\/www.goingback.at\/index.php?rest_route=%2Fwp%2Fv2%2Fcomments&post=13"}],"version-history":[{"count":72,"href":"https:\/\/www.goingback.at\/index.php?rest_route=\/wp\/v2\/pages\/13\/revisions"}],"predecessor-version":[{"id":658,"href":"https:\/\/www.goingback.at\/index.php?rest_route=\/wp\/v2\/pages\/13\/revisions\/658"}],"wp:attachment":[{"href":"https:\/\/www.goingback.at\/index.php?rest_route=%2Fwp%2Fv2%2Fmedia&parent=13"}],"curies":[{"name":"wp","href":"https:\/\/api.w.org\/{rel}","templated":true}]}}